{"id":147,"date":"2017-06-20T16:26:15","date_gmt":"2017-06-20T14:26:15","guid":{"rendered":"http:\/\/www.gain-switzerland.ch\/de\/?page_id=147"},"modified":"2025-04-17T09:01:02","modified_gmt":"2025-04-17T07:01:02","slug":"projekte","status":"publish","type":"page","link":"https:\/\/www.gain-switzerland.ch\/de\/projekte\/","title":{"rendered":"Projekte"},"content":{"rendered":"<p>[et_pb_section fb_built=&#8220;1&#8243; fullwidth=&#8220;on&#8220; _builder_version=&#8220;4.16&#8243; global_colors_info=&#8220;{}&#8220;][et_pb_fullwidth_slider _builder_version=&#8220;4.24.2&#8243; background_image=&#8220;https:\/\/www.gain-switzerland.ch\/de\/wp-content\/uploads\/sites\/2\/moria_auswahl-53-1.jpg&#8220; custom_padding=&#8220;|||&#8220; custom_padding_tablet=&#8220;|||&#8220; custom_padding_phone=&#8220;|||&#8220; box_shadow_style=&#8220;preset6&#8243; box_shadow_blur=&#8220;10px&#8220; box_shadow_color=&#8220;rgba(0,0,0,0.1)&#8220; remove_inner_shadow=&#8220;off&#8220; hide_content_on_mobile=&#8220;off&#8220; hide_cta_on_mobile=&#8220;off&#8220; show_inner_shadow=&#8220;on&#8220; global_colors_info=&#8220;{}&#8220; button_text_size__hover_enabled=&#8220;off&#8220; button_one_text_size__hover_enabled=&#8220;off&#8220; button_two_text_size__hover_enabled=&#8220;off&#8220; button_text_color__hover_enabled=&#8220;off&#8220; button_one_text_color__hover_enabled=&#8220;off&#8220; button_two_text_color__hover_enabled=&#8220;off&#8220; button_border_width__hover_enabled=&#8220;off&#8220; button_one_border_width__hover_enabled=&#8220;off&#8220; button_two_border_width__hover_enabled=&#8220;off&#8220; button_border_color__hover_enabled=&#8220;off&#8220; button_one_border_color__hover_enabled=&#8220;off&#8220; button_two_border_color__hover_enabled=&#8220;off&#8220; button_border_radius__hover_enabled=&#8220;off&#8220; button_one_border_radius__hover_enabled=&#8220;off&#8220; button_two_border_radius__hover_enabled=&#8220;off&#8220; button_letter_spacing__hover_enabled=&#8220;off&#8220; button_one_letter_spacing__hover_enabled=&#8220;off&#8220; button_two_letter_spacing__hover_enabled=&#8220;off&#8220; button_bg_color__hover_enabled=&#8220;off&#8220; button_one_bg_color__hover_enabled=&#8220;off&#8220; button_two_bg_color__hover_enabled=&#8220;off&#8220;][et_pb_slide heading=&#8220;Projekte&#8220; use_bg_overlay=&#8220;off&#8220; use_text_overlay=&#8220;off&#8220; content_tablet=&#8220;<\/p>\n<h1>\u2014<\/h1>\n<p>Wir bei GAiN helfen Menschen in Krisen-<br \/>situationen sowie bei pl\u00f6tzlich auftretenden <br \/>Katastrophen, bieten langfristige Unterst\u00fctzung <br \/>und begleiten Projekte bis hin zur Nachhaltigkeit.<\/p>\n<p>&#8220; content_phone=&#8220;<\/p>\n<h1>\u2014<\/h1>\n<p>Wir bei GAiN helfen Menschen in Krisensituationen sowie bei pl\u00f6tzlich auftretenden Katastrophen, bieten langfristige Unterst\u00fctzung und begleiten Projekte bis hin zur Nachhaltigkeit.<\/p>\n<p>&#8220; content_last_edited=&#8220;on|phone&#8220; _builder_version=&#8220;4.24.2&#8243; header_level=&#8220;h3&#8243; header_font=&#8220;||||&#8220; header_text_align=&#8220;left&#8220; header_font_size=&#8220;45&#8243; body_font=&#8220;||||&#8220; body_text_align=&#8220;left&#8220; background_color=&#8220;#ffffff&#8220; background_image=&#8220;https:\/\/www.gain-switzerland.ch\/de\/wp-content\/uploads\/sites\/2\/moria_auswahl-53-1.jpg&#8220; background_enable_image=&#8220;on&#8220; parallax=&#8220;on&#8220; button_icon_placement=&#8220;right&#8220; button_on_hover=&#8220;on&#8220; header_font_size_tablet=&#8220;35&#8243; header_font_size_phone=&#8220;30&#8243; header_font_size_last_edited=&#8220;on|phone&#8220; global_colors_info=&#8220;{}&#8220; button_text_size__hover_enabled=&#8220;off&#8220; button_one_text_size__hover_enabled=&#8220;off&#8220; button_two_text_size__hover_enabled=&#8220;off&#8220; button_text_color__hover_enabled=&#8220;off&#8220; button_one_text_color__hover_enabled=&#8220;off&#8220; button_two_text_color__hover_enabled=&#8220;off&#8220; button_border_width__hover_enabled=&#8220;off&#8220; button_one_border_width__hover_enabled=&#8220;off&#8220; button_two_border_width__hover_enabled=&#8220;off&#8220; button_border_color__hover_enabled=&#8220;off&#8220; button_one_border_color__hover_enabled=&#8220;off&#8220; button_two_border_color__hover_enabled=&#8220;off&#8220; button_border_radius__hover_enabled=&#8220;off&#8220; button_one_border_radius__hover_enabled=&#8220;off&#8220; button_two_border_radius__hover_enabled=&#8220;off&#8220; button_letter_spacing__hover_enabled=&#8220;off&#8220; button_one_letter_spacing__hover_enabled=&#8220;off&#8220; button_two_letter_spacing__hover_enabled=&#8220;off&#8220; button_bg_color__hover_enabled=&#8220;off&#8220; button_one_bg_color__hover_enabled=&#8220;off&#8220; button_two_bg_color__hover_enabled=&#8220;off&#8220; sticky_transition=&#8220;on&#8220;]<\/p>\n<h1>\u2014<\/h1>\n<p>Wir bei GAiN helfen Menschen in Krisen-<br \/>situationen sowie bei pl\u00f6tzlich auftretenden<br \/>Katastrophen, bieten langfristige Unterst\u00fctzung<br \/>und begleiten Projekte bis hin zur Nachhaltigkeit.<\/p>\n<p>[\/et_pb_slide][\/et_pb_fullwidth_slider][\/et_pb_section][et_pb_section fb_built=&#8220;1&#8243; disabled_on=&#8220;off|off|off&#8220; _builder_version=&#8220;4.16&#8243; custom_padding=&#8220;|||2px||&#8220; global_colors_info=&#8220;{}&#8220;][et_pb_row column_structure=&#8220;1_2,1_2&#8243; _builder_version=&#8220;4.16&#8243; _module_preset=&#8220;default&#8220; global_colors_info=&#8220;{}&#8220;][et_pb_column type=&#8220;1_2&#8243; _builder_version=&#8220;4.16&#8243; _module_preset=&#8220;default&#8220; global_colors_info=&#8220;{}&#8220;][et_pb_text _builder_version=&#8220;4.21.0&#8243; _module_preset=&#8220;default&#8220; text_font_size=&#8220;20px&#8220; background_color=&#8220;rgba(0,0,0,0.1)&#8220; background_image=&#8220;https:\/\/www.gain-switzerland.ch\/de\/wp-content\/uploads\/sites\/2\/Projektreise-2017-Jugednliche-warten-auf-Klinikeroeffnung.jpg&#8220; background_blend=&#8220;color&#8220; background_layout=&#8220;dark&#8220; min_height=&#8220;250px&#8220; min_height_tablet=&#8220;250px&#8220; min_height_phone=&#8220;&#8220; min_height_last_edited=&#8220;on|phone&#8220; max_height_tablet=&#8220;&#8220; max_height_phone=&#8220;160px&#8220; max_height_last_edited=&#8220;on|phone&#8220; custom_padding=&#8220;115px|50px|100px|50px|false|false&#8220; custom_padding_tablet=&#8220;115px|50px|100px|50px|false|false&#8220; custom_padding_phone=&#8220;70px|20px|70px|20px|false|false&#8220; custom_padding_last_edited=&#8220;on|phone&#8220; link_option_url=&#8220;https:\/\/www.gain-switzerland.ch\/de\/projekte\/afghanistan\/&#8220; box_shadow_style=&#8220;preset1&#8243; global_colors_info=&#8220;{}&#8220; transform_styles__hover_enabled=&#8220;on|hover&#8220; transform_scale__hover_enabled=&#8220;on|hover&#8220; transform_translate__hover_enabled=&#8220;on|desktop&#8220; transform_rotate__hover_enabled=&#8220;on|desktop&#8220; transform_skew__hover_enabled=&#8220;on|desktop&#8220; transform_origin__hover_enabled=&#8220;on|desktop&#8220; transform_scale__hover=&#8220;105%|105%&#8220;]<\/p>\n<p style=\"text-align: center;\"><strong>AFGHANISTAN<\/strong><\/p>\n<p>[\/et_pb_text][\/et_pb_column][et_pb_column type=&#8220;1_2&#8243; _builder_version=&#8220;4.16&#8243; _module_preset=&#8220;default&#8220; global_colors_info=&#8220;{}&#8220;][et_pb_text _builder_version=&#8220;4.21.0&#8243; _module_preset=&#8220;default&#8220; text_font_size=&#8220;20px&#8220; background_image=&#8220;https:\/\/www.gain-switzerland.ch\/de\/wp-content\/uploads\/sites\/2\/WhatsApp-Image-2021-12-14-at-3.27.59-PM.jpeg&#8220; background_layout=&#8220;dark&#8220; min_height=&#8220;250px&#8220; min_height_tablet=&#8220;250px&#8220; min_height_phone=&#8220;&#8220; min_height_last_edited=&#8220;on|phone&#8220; max_height_tablet=&#8220;&#8220; max_height_phone=&#8220;160px&#8220; max_height_last_edited=&#8220;on|phone&#8220; custom_padding=&#8220;115px|50px|100px|50px|false|false&#8220; custom_padding_tablet=&#8220;115px|50px|100px|50px|false|false&#8220; custom_padding_phone=&#8220;70px|20px|70px|20px|false|false&#8220; custom_padding_last_edited=&#8220;on|phone&#8220; link_option_url=&#8220;https:\/\/www.gain-switzerland.ch\/de\/projekte\/albanien\/&#8220; box_shadow_style=&#8220;preset1&#8243; global_colors_info=&#8220;{}&#8220; transform_styles__hover_enabled=&#8220;on|hover&#8220; transform_scale__hover_enabled=&#8220;on|hover&#8220; transform_translate__hover_enabled=&#8220;on|desktop&#8220; transform_rotate__hover_enabled=&#8220;on|desktop&#8220; transform_skew__hover_enabled=&#8220;on|desktop&#8220; transform_origin__hover_enabled=&#8220;on|desktop&#8220; transform_scale__hover=&#8220;105%|105%&#8220;]<\/p>\n<p style=\"text-align: center;\"><strong>ALBANIEN<\/strong><\/p>\n<p>[\/et_pb_text][\/et_pb_column][\/et_pb_row][et_pb_row column_structure=&#8220;1_2,1_2&#8243; _builder_version=&#8220;4.19.0&#8243; _module_preset=&#8220;default&#8220; custom_margin=&#8220;-30px||||false|false&#8220; global_colors_info=&#8220;{}&#8220;][et_pb_column type=&#8220;1_2&#8243; _builder_version=&#8220;4.16&#8243; _module_preset=&#8220;default&#8220; global_colors_info=&#8220;{}&#8220;][et_pb_text content_tablet=&#8220;<\/p>\n<p style=%22text-align: center;%22><b>GRIECHENLAND<\/b><\/p>\n<p>&#8220; content_phone=&#8220;<\/p>\n<p style=%22text-align: center;%22><b>GRIECHENLAND<\/b><\/p>\n<p>&#8220; content_last_edited=&#8220;on|phone&#8220; _builder_version=&#8220;4.23.4&#8243; _module_preset=&#8220;default&#8220; text_font_size=&#8220;20px&#8220; background_color=&#8220;rgba(91,91,91,0.17)&#8220; background_image=&#8220;https:\/\/www.gain-switzerland.ch\/de\/wp-content\/uploads\/sites\/2\/DSC02260-scaled.jpg&#8220; background_layout=&#8220;dark&#8220; min_height=&#8220;250px&#8220; min_height_tablet=&#8220;250px&#8220; min_height_phone=&#8220;&#8220; min_height_last_edited=&#8220;on|phone&#8220; max_height_tablet=&#8220;&#8220; max_height_phone=&#8220;160px&#8220; max_height_last_edited=&#8220;on|phone&#8220; custom_padding=&#8220;115px|50px|100px|50px|false|false&#8220; custom_padding_tablet=&#8220;115px|50px|100px|50px|false|false&#8220; custom_padding_phone=&#8220;70px|20px|70px|20px|false|false&#8220; custom_padding_last_edited=&#8220;on|phone&#8220; link_option_url=&#8220;https:\/\/www.gain-switzerland.ch\/de\/projekte\/griechenland\/&#8220; box_shadow_style=&#8220;preset1&#8243; global_colors_info=&#8220;{}&#8220; transform_styles__hover_enabled=&#8220;on|hover&#8220; transform_scale__hover_enabled=&#8220;on|hover&#8220; transform_translate__hover_enabled=&#8220;on|desktop&#8220; transform_rotate__hover_enabled=&#8220;on|desktop&#8220; transform_skew__hover_enabled=&#8220;on|desktop&#8220; transform_origin__hover_enabled=&#8220;on|desktop&#8220; transform_scale__hover=&#8220;105%|105%&#8220;]<\/p>\n<p style=\"text-align: center;\"><b>GRIECHENLAND<\/b><\/p>\n<p>[\/et_pb_text][\/et_pb_column][et_pb_column type=&#8220;1_2&#8243; _builder_version=&#8220;4.16&#8243; _module_preset=&#8220;default&#8220; global_colors_info=&#8220;{}&#8220;][et_pb_text _builder_version=&#8220;4.16.0&#8243; _module_preset=&#8220;default&#8220; text_font_size=&#8220;20px&#8220; background_color=&#8220;rgba(91,91,91,0.18)&#8220; background_image=&#8220;https:\/\/www.gain-switzerland.ch\/de\/wp-content\/uploads\/sites\/2\/7_Das-Wasser-aus-diesem-Bach-verwenden-die-Dorfbewohner-zum-Kochen-Trinken-und-Waschen-scaled-e1603888931891.jpg&#8220; background_blend=&#8220;color&#8220; background_layout=&#8220;dark&#8220; min_height=&#8220;250px&#8220; min_height_tablet=&#8220;250px&#8220; min_height_phone=&#8220;&#8220; min_height_last_edited=&#8220;on|phone&#8220; max_height_tablet=&#8220;&#8220; max_height_phone=&#8220;160px&#8220; max_height_last_edited=&#8220;on|phone&#8220; custom_padding=&#8220;115px|50px|100px|50px|false|false&#8220; custom_padding_tablet=&#8220;115px|50px|100px|50px|false|false&#8220; custom_padding_phone=&#8220;70px|20px|70px|20px|false|false&#8220; custom_padding_last_edited=&#8220;on|phone&#8220; link_option_url=&#8220;https:\/\/www.gain-switzerland.ch\/de\/projekte\/waterforlife\/&#8220; box_shadow_style=&#8220;preset1&#8243; global_colors_info=&#8220;{}&#8220; transform_styles__hover_enabled=&#8220;on|hover&#8220; transform_scale__hover_enabled=&#8220;on|hover&#8220; transform_translate__hover_enabled=&#8220;on|desktop&#8220; transform_rotate__hover_enabled=&#8220;on|desktop&#8220; transform_skew__hover_enabled=&#8220;on|desktop&#8220; transform_origin__hover_enabled=&#8220;on|desktop&#8220; transform_scale__hover=&#8220;105%|105%&#8220;]<\/p>\n<p style=\"text-align: center;\"><strong>WATER FOR LIFE<\/strong><\/p>\n<p>[\/et_pb_text][\/et_pb_column][\/et_pb_row][et_pb_row column_structure=&#8220;1_2,1_2&#8243; disabled_on=&#8220;on|on|on&#8220; _builder_version=&#8220;4.16.0&#8243; _module_preset=&#8220;default&#8220; custom_margin=&#8220;-30px|auto||auto||&#8220; disabled=&#8220;on&#8220; global_colors_info=&#8220;{}&#8220;][et_pb_column type=&#8220;1_2&#8243; _builder_version=&#8220;4.16&#8243; _module_preset=&#8220;default&#8220; global_colors_info=&#8220;{}&#8220;][et_pb_text _builder_version=&#8220;4.16.0&#8243; _module_preset=&#8220;default&#8220; text_font_size=&#8220;20px&#8220; background_color=&#8220;rgba(91,91,91,0.17)&#8220; background_image=&#8220;https:\/\/www.gain-switzerland.ch\/de\/wp-content\/uploads\/sites\/2\/Vorbereitungen-Lettlandfreizeit12-72-e1585049898248.jpg&#8220; background_layout=&#8220;dark&#8220; min_height=&#8220;250px&#8220; min_height_tablet=&#8220;250px&#8220; min_height_phone=&#8220;&#8220; min_height_last_edited=&#8220;on|phone&#8220; max_height_tablet=&#8220;&#8220; max_height_phone=&#8220;160px&#8220; max_height_last_edited=&#8220;on|phone&#8220; custom_padding=&#8220;115px|50px|100px|50px|false|false&#8220; custom_padding_tablet=&#8220;115px|50px|100px|50px|false|false&#8220; custom_padding_phone=&#8220;70px|20px|70px|20px|false|false&#8220; custom_padding_last_edited=&#8220;on|phone&#8220; link_option_url=&#8220;https:\/\/www.gain-switzerland.ch\/de\/projekte\/lettland\/&#8220; box_shadow_style=&#8220;preset1&#8243; global_colors_info=&#8220;{}&#8220; transform_styles__hover_enabled=&#8220;on|hover&#8220; transform_scale__hover_enabled=&#8220;on|hover&#8220; transform_translate__hover_enabled=&#8220;on|desktop&#8220; transform_rotate__hover_enabled=&#8220;on|desktop&#8220; transform_skew__hover_enabled=&#8220;on|desktop&#8220; transform_origin__hover_enabled=&#8220;on|desktop&#8220; transform_scale__hover=&#8220;105%|105%&#8220;]<\/p>\n<p style=\"text-align: center;\"><strong>LETTLAND<\/strong><\/p>\n<p>[\/et_pb_text][et_pb_text _builder_version=&#8220;4.21.0&#8243; _module_preset=&#8220;default&#8220; text_font_size=&#8220;20px&#8220; background_color=&#8220;rgba(91,91,91,0.18)&#8220; background_image=&#8220;https:\/\/www.gain-switzerland.ch\/de\/wp-content\/uploads\/sites\/2\/202011_Massailand-43-1-scaled.jpg&#8220; background_layout=&#8220;dark&#8220; min_height=&#8220;250px&#8220; min_height_tablet=&#8220;250px&#8220; min_height_phone=&#8220;&#8220; min_height_last_edited=&#8220;on|phone&#8220; max_height_tablet=&#8220;&#8220; max_height_phone=&#8220;160px&#8220; max_height_last_edited=&#8220;on|phone&#8220; custom_padding=&#8220;115px|50px|100px|50px|false|false&#8220; custom_padding_tablet=&#8220;115px|50px|100px|50px|false|false&#8220; custom_padding_phone=&#8220;70px|20px|70px|20px|false|false&#8220; custom_padding_last_edited=&#8220;on|phone&#8220; link_option_url=&#8220;https:\/\/www.gain-switzerland.ch\/de\/projekte\/tansania\/&#8220; box_shadow_style=&#8220;preset1&#8243; global_colors_info=&#8220;{}&#8220; transform_styles__hover_enabled=&#8220;on|hover&#8220; transform_scale__hover_enabled=&#8220;on|hover&#8220; transform_translate__hover_enabled=&#8220;on|desktop&#8220; transform_rotate__hover_enabled=&#8220;on|desktop&#8220; transform_skew__hover_enabled=&#8220;on|desktop&#8220; transform_origin__hover_enabled=&#8220;on|desktop&#8220; transform_scale__hover=&#8220;105%|105%&#8220;]<\/p>\n<p style=\"text-align: center;\"><strong>TANSANIA<\/strong><\/p>\n<p>[\/et_pb_text][\/et_pb_column][et_pb_column type=&#8220;1_2&#8243; _builder_version=&#8220;4.16&#8243; _module_preset=&#8220;default&#8220; global_colors_info=&#8220;{}&#8220;][et_pb_text _builder_version=&#8220;4.19.0&#8243; _module_preset=&#8220;default&#8220; text_font_size=&#8220;20px&#8220; background_image=&#8220;https:\/\/www.gain-switzerland.ch\/de\/wp-content\/uploads\/sites\/2\/IMG_8315-scaled.jpg&#8220; background_layout=&#8220;dark&#8220; min_height=&#8220;250px&#8220; min_height_tablet=&#8220;250px&#8220; min_height_phone=&#8220;&#8220; min_height_last_edited=&#8220;on|phone&#8220; max_height_tablet=&#8220;&#8220; max_height_phone=&#8220;160px&#8220; max_height_last_edited=&#8220;on|phone&#8220; custom_padding=&#8220;115px|50px|100px|50px|false|false&#8220; custom_padding_tablet=&#8220;115px|50px|100px|50px|false|false&#8220; custom_padding_phone=&#8220;70px|20px|70px|20px|false|false&#8220; custom_padding_last_edited=&#8220;on|phone&#8220; link_option_url=&#8220;https:\/\/www.gain-switzerland.ch\/de\/projekte\/tuerkei\/&#8220; box_shadow_style=&#8220;preset1&#8243; global_colors_info=&#8220;{}&#8220; transform_styles__hover_enabled=&#8220;on|hover&#8220; transform_scale__hover_enabled=&#8220;on|hover&#8220; transform_translate__hover_enabled=&#8220;on|desktop&#8220; transform_rotate__hover_enabled=&#8220;on|desktop&#8220; transform_skew__hover_enabled=&#8220;on|desktop&#8220; transform_origin__hover_enabled=&#8220;on|desktop&#8220; transform_scale__hover=&#8220;105%|105%&#8220;]<\/p>\n<p style=\"text-align: center;\"><strong>T\u00dcRKEI<\/strong><\/p>\n<p>[\/et_pb_text][\/et_pb_column][\/et_pb_row][\/et_pb_section]<\/p>\n","protected":false},"excerpt":{"rendered":"<p>\u2014 Wir bei GAiN helfen Menschen in Krisen-situationen sowie bei pl\u00f6tzlich auftretendenKatastrophen, bieten langfristige Unterst\u00fctzungund begleiten Projekte bis hin zur Nachhaltigkeit.AFGHANISTANALBANIENGRIECHENLANDWATER FOR LIFELETTLANDTANSANIAT\u00dcRKEI<\/p>\n","protected":false},"author":1,"featured_media":0,"parent":0,"menu_order":10,"comment_status":"closed","ping_status":"closed","template":"","meta":{"_et_pb_use_builder":"on","_et_pb_old_content":"","_et_gb_content_width":"","inline_featured_image":false,"footnotes":""},"class_list":["post-147","page","type-page","status-publish","hentry"],"_links":{"self":[{"href":"https:\/\/www.gain-switzerland.ch\/de\/wp-json\/wp\/v2\/pages\/147","targetHints":{"allow":["GET"]}}],"collection":[{"href":"https:\/\/www.gain-switzerland.ch\/de\/wp-json\/wp\/v2\/pages"}],"about":[{"href":"https:\/\/www.gain-switzerland.ch\/de\/wp-json\/wp\/v2\/types\/page"}],"author":[{"embeddable":true,"href":"https:\/\/www.gain-switzerland.ch\/de\/wp-json\/wp\/v2\/users\/1"}],"replies":[{"embeddable":true,"href":"https:\/\/www.gain-switzerland.ch\/de\/wp-json\/wp\/v2\/comments?post=147"}],"version-history":[{"count":5,"href":"https:\/\/www.gain-switzerland.ch\/de\/wp-json\/wp\/v2\/pages\/147\/revisions"}],"predecessor-version":[{"id":10730,"href":"https:\/\/www.gain-switzerland.ch\/de\/wp-json\/wp\/v2\/pages\/147\/revisions\/10730"}],"wp:attachment":[{"href":"https:\/\/www.gain-switzerland.ch\/de\/wp-json\/wp\/v2\/media?parent=147"}],"curies":[{"name":"wp","href":"https:\/\/api.w.org\/{rel}","templated":true}]}}