{"id":2,"date":"2017-09-28T13:40:39","date_gmt":"2017-09-28T11:40:39","guid":{"rendered":"http:\/\/www.gain-switzerland.ch\/de\/?page_id=2"},"modified":"2026-02-06T10:06:40","modified_gmt":"2026-02-06T09:06:40","slug":"home-2","status":"publish","type":"page","link":"https:\/\/www.gain-switzerland.ch\/de\/","title":{"rendered":"Home"},"content":{"rendered":"<p>[et_pb_section fb_built=&#8220;1&#8243; fullwidth=&#8220;on&#8220; _builder_version=&#8220;4.24.2&#8243; background_color=&#8220;#000000&#8243; custom_margin=&#8220;||||false|false&#8220; custom_margin_tablet=&#8220;||||false|false&#8220; custom_margin_phone=&#8220;||||false|false&#8220; custom_margin_last_edited=&#8220;off|tablet&#8220; global_colors_info=&#8220;{}&#8220;][et_pb_fullwidth_slider module_class=&#8220;et_fullscreen_slider&#8220; _builder_version=&#8220;4.27.5&#8243; _module_preset=&#8220;default&#8220; body_text_align=&#8220;left&#8220; body_font_size=&#8220;32px&#8220; min_height_tablet=&#8220;&#8220; min_height_phone=&#8220;&#8220; min_height_last_edited=&#8220;on|phone&#8220; height_tablet=&#8220;&#8220; height_phone=&#8220;&#8220; height_last_edited=&#8220;on|phone&#8220; max_height_tablet=&#8220;&#8220; max_height_phone=&#8220;&#8220; max_height_last_edited=&#8220;on|desktop&#8220; hover_enabled=&#8220;0&#8243; body_font_size_tablet=&#8220;&#8220; body_font_size_phone=&#8220;23px&#8220; body_font_size_last_edited=&#8220;on|phone&#8220; global_colors_info=&#8220;{}&#8220; sticky_enabled=&#8220;0&#8243;][et_pb_slide use_bg_overlay=&#8220;off&#8220; content_tablet=&#8220;<\/p>\n<p>Wir tragen dazu bei, dass die <strong>\u00c4rmsten und Benachteiligten <\/strong>der Welt, eine <strong>neue Perspektive <\/strong>f\u00fcr Ihr Leben und <strong>Hoffnung <\/strong>f\u00fcr die Zukunft gewinnen.<\/p>\n<p>&#8220; content_phone=&#8220;<\/p>\n<p>Wir tragen dazu bei, dass die <strong>\u00c4rmsten und Benachteiligten <\/strong>der Welt, eine <strong>neue Perspektive <\/strong>f\u00fcr Ihr Leben und <strong>Hoffnung <\/strong>f\u00fcr die Zukunft gewinnen.<\/p>\n<p>&#8220; content_last_edited=&#8220;on|phone&#8220; _builder_version=&#8220;4.27.5&#8243; _module_preset=&#8220;default&#8220; header_level=&#8220;h3&#8243; header_text_color=&#8220;#FFFFFF&#8220; body_font=&#8220;||||||||&#8220; body_text_align=&#8220;left&#8220; body_text_color=&#8220;#FFFFFF&#8220; body_font_size=&#8220;32px&#8220; body_letter_spacing=&#8220;3px&#8220; body_line_height=&#8220;1.3em&#8220; background_enable_color=&#8220;off&#8220; background_video_mp4=&#8220;https:\/\/www.gain-switzerland.ch\/de\/wp-content\/uploads\/sites\/2\/Titelvideo-10-Jahre-GAiN.mp4&#8243; background_enable_video_mp4=&#8220;on&#8220; custom_padding=&#8220;||||false|false&#8220; hover_enabled=&#8220;0&#8243; body_font_size_tablet=&#8220;26px&#8220; body_font_size_phone=&#8220;18px&#8220; body_font_size_last_edited=&#8220;on|tablet&#8220; global_colors_info=&#8220;{}&#8220; sticky_transition=&#8220;on&#8220; sticky_enabled=&#8220;0&#8243;]<\/p>\n<p>Wir tragen dazu bei, dass die <strong>\u00c4rmsten und Benachteiligten <\/strong>der Welt, eine <strong>neue Perspektive <\/strong>f\u00fcr Ihr Leben und <strong>Hoffnung <\/strong>f\u00fcr die Zukunft gewinnen.<\/p>\n<p>[\/et_pb_slide][\/et_pb_fullwidth_slider][\/et_pb_section][et_pb_section fb_built=&#8220;1&#8243; disabled_on=&#8220;off|off|off&#8220; admin_label=&#8220;section&#8220; _builder_version=&#8220;4.24.2&#8243; background_color=&#8220;#FFFFFF&#8220; custom_padding=&#8220;||||false|false&#8220; global_colors_info=&#8220;{}&#8220;][et_pb_row admin_label=&#8220;row&#8220; _builder_version=&#8220;4.24.2&#8243; background_size=&#8220;initial&#8220; background_position=&#8220;top_left&#8220; background_repeat=&#8220;repeat&#8220; custom_padding=&#8220;||||false|false&#8220; global_colors_info=&#8220;{}&#8220;][et_pb_column type=&#8220;4_4&#8243; _builder_version=&#8220;4.16&#8243; custom_padding=&#8220;|||&#8220; global_colors_info=&#8220;{}&#8220; custom_padding__hover=&#8220;|||&#8220;][et_pb_text content_tablet=&#8220;<\/p>\n<h3>Global Aid Network<\/h3>\n<p>&#8220; content_phone=&#8220;<\/p>\n<h3>Global Aid Network<\/h3>\n<p>&#8220; content_last_edited=&#8220;on|phone&#8220; admin_label=&#8220;Titel Aktuelles&#8220; _builder_version=&#8220;4.27.4&#8243; text_font_size=&#8220;14px&#8220; header_text_align=&#8220;center&#8220; header_text_color=&#8220;#eb8100&#8243; header_font_size=&#8220;60px&#8220; text_orientation=&#8220;center&#8220; text_font_size_tablet=&#8220;&#8220; text_font_size_phone=&#8220;&#8220; text_font_size_last_edited=&#8220;on|phone&#8220; header_font_size_tablet=&#8220;&#8220; header_font_size_phone=&#8220;38px&#8220; header_font_size_last_edited=&#8220;on|phone&#8220; header_3_font_size_tablet=&#8220;&#8220; header_3_font_size_phone=&#8220;16px&#8220; header_3_font_size_last_edited=&#8220;on|phone&#8220; global_colors_info=&#8220;{}&#8220;]<\/p>\n<h1>Global Aid Network<\/h1>\n<p>[\/et_pb_text][et_pb_text content_tablet=&#8220;<\/p>\n<h2>\u00abDis Mitmach-Hilfswerk wo L\u00e4be ver\u00e4nderet!\u00bb<\/h2>\n<p>&#8220; content_phone=&#8220;<\/p>\n<h2>\u00abDis Mitmach-Hilfswerk wo L\u00e4be ver\u00e4nderet!\u00bb<\/h2>\n<p>&#8220; content_last_edited=&#8220;on|phone&#8220; admin_label=&#8220;Titel Aktuelles&#8220; _builder_version=&#8220;4.27.4&#8243; text_orientation=&#8220;center&#8220; custom_margin=&#8220;||||false|false&#8220; header_2_font_size_tablet=&#8220;&#8220; header_2_font_size_phone=&#8220;15px&#8220; header_2_font_size_last_edited=&#8220;on|phone&#8220; global_colors_info=&#8220;{}&#8220;]<\/p>\n<h2>\u00abDis Mitmach-Hilfswerk wo L\u00e4be ver\u00e4nderet!\u00bb<\/h2>\n<p>[\/et_pb_text][\/et_pb_column][\/et_pb_row][et_pb_row column_structure=&#8220;1_3,1_3,1_3&#8243; _builder_version=&#8220;4.19.0&#8243; _module_preset=&#8220;default&#8220; global_colors_info=&#8220;{}&#8220;][et_pb_column type=&#8220;1_3&#8243; _builder_version=&#8220;4.17.4&#8243; _module_preset=&#8220;default&#8220; global_colors_info=&#8220;{}&#8220;][et_pb_text content_last_edited=&#8220;off|desktop&#8220; _builder_version=&#8220;4.27.0&#8243; _module_preset=&#8220;default&#8220; text_font_size=&#8220;20px&#8220; background_color=&#8220;rgba(91,91,91,0.17)&#8220; background_image=&#8220;https:\/\/www.gain-switzerland.ch\/de\/wp-content\/uploads\/sites\/2\/moria_auswahl-239.jpg&#8220; background_blend=&#8220;hue&#8220; background_layout=&#8220;dark&#8220; min_height=&#8220;250px&#8220; min_height_tablet=&#8220;300px&#8220; min_height_phone=&#8220;160px&#8220; min_height_last_edited=&#8220;on|phone&#8220; height=&#8220;160px&#8220; max_height_tablet=&#8220;&#8220; max_height_phone=&#8220;160px&#8220; max_height_last_edited=&#8220;on|phone&#8220; custom_margin=&#8220;-25px||||false|false&#8220; custom_padding=&#8220;115px|50px|100px|50px|false|false&#8220; custom_padding_tablet=&#8220;145px|100px|100px|100px|false|false&#8220; custom_padding_phone=&#8220;70px|20px|70px|20px|false|false&#8220; custom_padding_last_edited=&#8220;on|phone&#8220; link_option_url=&#8220;https:\/\/www.gain-switzerland.ch\/de\/projekte\/&#8220; box_shadow_style=&#8220;preset1&#8243; global_colors_info=&#8220;{}&#8220; transform_styles__hover_enabled=&#8220;on|hover&#8220; transform_scale__hover_enabled=&#8220;on|hover&#8220; transform_translate__hover_enabled=&#8220;on|desktop&#8220; transform_rotate__hover_enabled=&#8220;on|desktop&#8220; transform_skew__hover_enabled=&#8220;on|desktop&#8220; transform_origin__hover_enabled=&#8220;on|desktop&#8220; transform_scale__hover=&#8220;105%|105%&#8220; content__hover_enabled=&#8220;on|desktop&#8220; content__hover=&#8220;<\/p>\n<p style=%22text-align: center;%22><strong>UNSERE PROJEKTE<\/strong><\/p>\n<p>&#8222;]<\/p>\n<p style=\"text-align: center;\"><strong>UNSERE PROJEKTE<\/strong><\/p>\n<p>[\/et_pb_text][\/et_pb_column][et_pb_column type=&#8220;1_3&#8243; _builder_version=&#8220;4.17.4&#8243; _module_preset=&#8220;default&#8220; global_colors_info=&#8220;{}&#8220;][et_pb_text content_tablet=&#8220;<\/p>\n<p style=%22text-align: center;%22><strong>JETZT MITMACHEN<\/strong><\/p>\n<p>&#8220; content_phone=&#8220;<\/p>\n<p style=%22text-align: center;%22><strong>JETZT MITMACHEN<\/strong><\/p>\n<p>&#8220; content_last_edited=&#8220;on|phone&#8220; _builder_version=&#8220;4.25.2&#8243; _module_preset=&#8220;default&#8220; text_font_size=&#8220;20px&#8220; background_image=&#8220;https:\/\/www.gain-switzerland.ch\/de\/wp-content\/uploads\/sites\/2\/211210_ALB_DAY2_JMU-63-scaled.jpg&#8220; background_layout=&#8220;dark&#8220; min_height=&#8220;250px&#8220; min_height_tablet=&#8220;300px&#8220; min_height_phone=&#8220;160px&#8220; min_height_last_edited=&#8220;on|phone&#8220; height=&#8220;160px&#8220; max_height_tablet=&#8220;&#8220; max_height_phone=&#8220;&#8220; max_height_last_edited=&#8220;on|phone&#8220; custom_margin=&#8220;-25px||||false|false&#8220; custom_padding=&#8220;115px|50px|100px|50px|false|false&#8220; custom_padding_tablet=&#8220;145px|100px||100px|false|false&#8220; custom_padding_phone=&#8220;70px|20px|70px|20px|false|false&#8220; custom_padding_last_edited=&#8220;on|phone&#8220; link_option_url=&#8220;https:\/\/www.gain-switzerland.ch\/de\/mitmachen\/hilfsgueter-sammeln\/&#8220; background_last_edited=&#8220;off|desktop&#8220; box_shadow_style=&#8220;preset1&#8243; global_colors_info=&#8220;{}&#8220; transform_styles__hover_enabled=&#8220;on|hover&#8220; transform_scale__hover_enabled=&#8220;on|hover&#8220; transform_translate__hover_enabled=&#8220;on|desktop&#8220; transform_rotate__hover_enabled=&#8220;on|desktop&#8220; transform_skew__hover_enabled=&#8220;on|desktop&#8220; transform_origin__hover_enabled=&#8220;on|desktop&#8220; transform_scale__hover=&#8220;105%|105%&#8220; min_height__hover_enabled=&#8220;off|desktop&#8220; min_height__hover=&#8220;250px&#8220; background__hover_enabled=&#8220;on|hover&#8220; background_image__hover=&#8220;https:\/\/www.gain-switzerland.ch\/de\/wp-content\/uploads\/sites\/2\/211210_ALB_DAY2_JMU-63-scaled.jpg&#8220; background_enable_image__hover=&#8220;on&#8220; content__hover_enabled=&#8220;on|desktop&#8220; content__hover=&#8220;<\/p>\n<p style=%22text-align: center;%22><strong>JETZT MITMACHEN<\/strong><\/p>\n<p>&#8220; max_height__hover_enabled=&#8220;off|hover&#8220; max_height__hover=&#8220;250px&#8220;]<\/p>\n<p style=\"text-align: center;\"><strong>JETZT MITMACHEN<\/strong><\/p>\n<p>[\/et_pb_text][\/et_pb_column][et_pb_column type=&#8220;1_3&#8243; _builder_version=&#8220;4.17.4&#8243; _module_preset=&#8220;default&#8220; global_colors_info=&#8220;{}&#8220;][et_pb_text content_phone=&#8220;<\/p>\n<p style=%22text-align: center;%22><b>F\u00dcR EIN PROJEKT SPENDEN<\/b><\/p>\n<p>&#8220; content_last_edited=&#8220;off|phone&#8220; _builder_version=&#8220;4.21.0&#8243; _module_preset=&#8220;default&#8220; text_font_size=&#8220;20px&#8220; background_color=&#8220;rgba(91,91,91,0.17)&#8220; background_image=&#8220;https:\/\/www.gain-switzerland.ch\/de\/wp-content\/uploads\/sites\/2\/20201023_HYGIEN_silas_zindel_hygiene_kit_single_women_2476-1-scaled-e1626413623274.jpg&#8220; background_blend=&#8220;hue&#8220; background_layout=&#8220;dark&#8220; min_height=&#8220;250px&#8220; min_height_tablet=&#8220;300px&#8220; min_height_phone=&#8220;160px&#8220; min_height_last_edited=&#8220;on|phone&#8220; height=&#8220;160px&#8220; max_height_tablet=&#8220;&#8220; max_height_phone=&#8220;160px&#8220; max_height_last_edited=&#8220;on|phone&#8220; custom_margin=&#8220;-25px||||false|false&#8220; custom_padding=&#8220;115px|50px|115px|50px|false|false&#8220; custom_padding_tablet=&#8220;130px|100px|87px|100px|false|false&#8220; custom_padding_phone=&#8220;60px|20px|60px|20px|false|false&#8220; custom_padding_last_edited=&#8220;on|phone&#8220; link_option_url=&#8220;https:\/\/www.gain-switzerland.ch\/de\/onlinespenden\/&#8220; link_option_url_new_window=&#8220;on&#8220; box_shadow_style=&#8220;preset1&#8243; global_colors_info=&#8220;{}&#8220; transform_styles__hover_enabled=&#8220;on|hover&#8220; transform_scale__hover_enabled=&#8220;on|hover&#8220; transform_translate__hover_enabled=&#8220;on|desktop&#8220; transform_rotate__hover_enabled=&#8220;on|desktop&#8220; transform_skew__hover_enabled=&#8220;on|desktop&#8220; transform_origin__hover_enabled=&#8220;on|desktop&#8220; transform_scale__hover=&#8220;105%|105%&#8220;]<\/p>\n<p style=\"text-align: center;\"><b>F\u00dcR EIN PROJEKT SPENDEN<\/b><\/p>\n<p>[\/et_pb_text][\/et_pb_column][\/et_pb_row][\/et_pb_section][et_pb_section fb_built=&#8220;1&#8243; disabled_on=&#8220;off|off|off&#8220; _builder_version=&#8220;4.20.4&#8243; _module_preset=&#8220;default&#8220; global_colors_info=&#8220;{}&#8220;][et_pb_row admin_label=&#8220;row&#8220; _builder_version=&#8220;4.16&#8243; background_size=&#8220;initial&#8220; background_position=&#8220;top_left&#8220; background_repeat=&#8220;repeat&#8220; custom_margin=&#8220;0px|auto||auto||&#8220; global_colors_info=&#8220;{}&#8220;][et_pb_column type=&#8220;4_4&#8243; _builder_version=&#8220;4.16&#8243; custom_padding=&#8220;|||&#8220; global_colors_info=&#8220;{}&#8220; custom_padding__hover=&#8220;|||&#8220;][et_pb_text _builder_version=&#8220;4.24.2&#8243; background_enable_color=&#8220;off&#8220; text_orientation=&#8220;center&#8220; custom_margin=&#8220;||-1px|||&#8220; custom_padding=&#8220;||8px|||&#8220; border_color_all=&#8220;rgba(0,0,0,0)&#8220; global_colors_info=&#8220;{}&#8220;]<\/p>\n<h3>NEWS<br \/>\u2014<\/h3>\n<p>[\/et_pb_text][et_pb_blog fullwidth=&#8220;off&#8220; posts_number=&#8220;3&#8243; include_categories=&#8220;all&#8220; meta_date=&#8220;j. M. Y&#8220; show_more=&#8220;on&#8220; show_author=&#8220;off&#8220; show_date=&#8220;off&#8220; show_categories=&#8220;off&#8220; show_pagination=&#8220;off&#8220; _builder_version=&#8220;4.24.2&#8243; header_font=&#8220;|on|||&#8220; header_text_color=&#8220;#eb8100&#8243; header_letter_spacing=&#8220;2px&#8220; meta_font=&#8220;||on||&#8220; read_more_text_color=&#8220;#FFFFFF&#8220; width=&#8220;100%&#8220; custom_margin=&#8220;|-144px||||&#8220; box_shadow_style=&#8220;preset1&#8243; box_shadow_vertical=&#8220;1px&#8220; box_shadow_blur=&#8220;5px&#8220; box_shadow_color=&#8220;rgba(0,0,0,.1)&#8220; use_dropshadow=&#8220;on&#8220; global_colors_info=&#8220;{}&#8220;][\/et_pb_blog][\/et_pb_column][\/et_pb_row][\/et_pb_section][et_pb_section fb_built=&#8220;1&#8243; disabled_on=&#8220;off|off|off&#8220; _builder_version=&#8220;4.20.4&#8243; _module_preset=&#8220;default&#8220; background_image=&#8220;https:\/\/www.gain-switzerland.ch\/de\/wp-content\/uploads\/sites\/2\/Frau-in-Postruq-2019.jpg&#8220; parallax=&#8220;on&#8220; global_colors_info=&#8220;{}&#8220;][et_pb_row _builder_version=&#8220;4.17.4&#8243; _module_preset=&#8220;default&#8220; global_colors_info=&#8220;{}&#8220;][et_pb_column type=&#8220;4_4&#8243; _builder_version=&#8220;4.17.4&#8243; _module_preset=&#8220;default&#8220; global_colors_info=&#8220;{}&#8220;][et_pb_text _builder_version=&#8220;4.20.4&#8243; _module_preset=&#8220;default&#8220; header_3_text_align=&#8220;center&#8220; header_3_text_color=&#8220;#FFFFFF&#8220; custom_margin=&#8220;||-1px||false|false&#8220; custom_padding=&#8220;||8px||false|false&#8220; global_colors_info=&#8220;{}&#8220;]<\/p>\n<h3>Unsere Arbeit<\/h3>\n<h3>\u2014<\/h3>\n<p>[\/et_pb_text][\/et_pb_column][\/et_pb_row][et_pb_row column_structure=&#8220;1_3,1_3,1_3&#8243; _builder_version=&#8220;4.20.4&#8243; _module_preset=&#8220;default&#8220; global_colors_info=&#8220;{}&#8220;][et_pb_column type=&#8220;1_3&#8243; _builder_version=&#8220;4.20.4&#8243; _module_preset=&#8220;default&#8220; global_colors_info=&#8220;{}&#8220;][et_pb_text _builder_version=&#8220;4.20.4&#8243; _module_preset=&#8220;default&#8220; text_text_color=&#8220;#FFFFFF&#8220; header_4_text_color=&#8220;#FFFFFF&#8220; header_4_font_size=&#8220;25px&#8220; background_color=&#8220;rgba(0,0,0,0.45)&#8220; custom_padding=&#8220;10px|10px|10px|10px|false|false&#8220; global_colors_info=&#8220;{}&#8220;]<\/p>\n<h4>HELFEN<\/h4>\n<p><span style=\"font-family: inherit; font-weight: normal;\">Wir helfen Menschen in Krisensituationen sowie bei pl\u00f6tzlich auftretenden Katastrophen, bieten langfristige Unterst\u00fctzung und begleiten Projekte bis hin zur Nachhaltigkeit. Wir helfen Menschen unabh\u00e4ngig und unser Engagement soll zeitnah geschehen und in Zusammenarbeit mit einem lokalen Partner Wirkung zeigen.<\/span><\/p>\n<p>[\/et_pb_text][\/et_pb_column][et_pb_column type=&#8220;1_3&#8243; _builder_version=&#8220;4.20.4&#8243; _module_preset=&#8220;default&#8220; global_colors_info=&#8220;{}&#8220;][et_pb_text _builder_version=&#8220;4.20.4&#8243; _module_preset=&#8220;default&#8220; text_text_color=&#8220;#FFFFFF&#8220; header_4_text_color=&#8220;#FFFFFF&#8220; header_4_font_size=&#8220;25px&#8220; background_color=&#8220;rgba(0,0,0,0.45)&#8220; custom_padding=&#8220;10px|10px|10px|10px|false|false&#8220; global_colors_info=&#8220;{}&#8220;]<\/p>\n<h4><span>MITMACHEN<\/span><\/h4>\n<p><span>Die Kooperation mit Firmen, anderen Hilfsorganisationen, Privatpersonen und deren Vernetzung stellt eine unserer gr\u00f6ssten St\u00e4rken dar. Bei Katastrophen und anderen Krisensituationen k\u00f6nnen wir dank unserer Partnerschaften kurzfristig agieren, Hilfsg\u00fcter koordinieren und in die betroffenen Gebiete bringen. Die Unterst\u00fctzung von freiwilligen Mitarbeitenden ist uns dabei eine unverzichtbare Hilfe. Bei uns kann jeder mitmachen, seine F\u00e4higkeiten und St\u00e4rken einbringen und so ein St\u00fcck Hoffnung in die Welt hinaustragen.<\/span><\/p>\n<p>[\/et_pb_text][\/et_pb_column][et_pb_column type=&#8220;1_3&#8243; _builder_version=&#8220;4.20.4&#8243; _module_preset=&#8220;default&#8220; global_colors_info=&#8220;{}&#8220;][et_pb_text _builder_version=&#8220;4.20.4&#8243; _module_preset=&#8220;default&#8220; text_text_color=&#8220;#FFFFFF&#8220; header_4_text_color=&#8220;#FFFFFF&#8220; header_4_font_size=&#8220;25px&#8220; background_color=&#8220;rgba(0,0,0,0.45)&#8220; custom_padding=&#8220;10px|10px|10px|10px|false|false&#8220; global_colors_info=&#8220;{}&#8220;]<\/p>\n<h4><span>VER\u00c4NDERN<\/span><\/h4>\n<p><span>Weil uns die Not der Menschen nicht egal ist, m\u00f6chten wir mit praktischer Soforthilfe sowie mit nachhaltigem, l\u00e4ngerfristigem Engagement den Menschen vor Ort W\u00fcrde und Hoffnung zur\u00fcckgeben. Dabei sind uns die Begegnungen mit den einzelnen Menschen wichtig. Das Leben der Empfangenden wird dadurch ein st\u00fcckweit ver\u00e4ndert. Ebenfalls sp\u00fcrbar sind die Auswirkungen bei den Gebenden, Volont\u00e4ren und Mitarbeitenden. Dankbarkeit und Freude am Helfen setzten positive Energie frei und schenken neue Perspektiven.<\/span><\/p>\n<p>[\/et_pb_text][\/et_pb_column][\/et_pb_row][\/et_pb_section][et_pb_section fb_built=&#8220;1&#8243; _builder_version=&#8220;4.27.4&#8243; _module_preset=&#8220;default&#8220; global_colors_info=&#8220;{}&#8220;][et_pb_row _builder_version=&#8220;4.27.4&#8243; _module_preset=&#8220;default&#8220; global_colors_info=&#8220;{}&#8220;][et_pb_column type=&#8220;4_4&#8243; _builder_version=&#8220;4.27.4&#8243; _module_preset=&#8220;default&#8220; global_colors_info=&#8220;{}&#8220;][sb_instagram_feed feed_id=&#8220;1&#8243; _builder_version=&#8220;4.27.4&#8243; _module_preset=&#8220;default&#8220; global_colors_info=&#8220;{}&#8220;][\/sb_instagram_feed][et_pb_code _builder_version=&#8220;4.27.4&#8243; _module_preset=&#8220;default&#8220; global_colors_info=&#8220;{}&#8220;]<script id=\"mcjs\">!function(c,h,i,m,p){m=c.createElement(h),p=c.getElementsByTagName(h)[0],m.async=1,m.src=i,p.parentNode.insertBefore(m,p)}(document,\"script\",\"https:\/\/chimpstatic.com\/mcjs-connected\/js\/users\/dbfde6e6a8e73195e2e55e747\/5666c18d9ce2d67d21c52b8fd.js\");<\/script>[\/et_pb_code][\/et_pb_column][\/et_pb_row][\/et_pb_section][et_pb_section fb_built=&#8220;1&#8243; disabled_on=&#8220;on|on|on&#8220; _builder_version=&#8220;4.27.4&#8243; _module_preset=&#8220;default&#8220; disabled=&#8220;on&#8220; global_colors_info=&#8220;{}&#8220;][et_pb_row _builder_version=&#8220;4.27.4&#8243; _module_preset=&#8220;default&#8220; global_colors_info=&#8220;{}&#8220;][et_pb_column type=&#8220;4_4&#8243; _builder_version=&#8220;4.27.4&#8243; _module_preset=&#8220;default&#8220; global_colors_info=&#8220;{}&#8220;][et_pb_text _builder_version=&#8220;4.27.4&#8243; _module_preset=&#8220;default&#8220; global_colors_info=&#8220;{}&#8220;]<\/p>\n<h1>Unsere Partner, Spender &amp; Sponsoren<\/h1>\n<p>[\/et_pb_text][\/et_pb_column][\/et_pb_row][\/et_pb_section]<\/p>\n","protected":false},"excerpt":{"rendered":"<p>Wir tragen dazu bei, dass die \u00c4rmsten und Benachteiligten der Welt, eine neue Perspektive f\u00fcr Ihr Leben und Hoffnung f\u00fcr die Zukunft gewinnen.Global Aid Network\u00abDis Mitmach-Hilfswerk wo L\u00e4be ver\u00e4nderet!\u00bbUNSERE PROJEKTEJETZT MITMACHENF\u00dcR EIN PROJEKT SPENDENNEWS\u2014Unsere Arbeit \u2014HELFEN Wir helfen Menschen in Krisensituationen sowie bei pl\u00f6tzlich auftretenden Katastrophen, bieten langfristige Unterst\u00fctzung und begleiten Projekte bis hin zur [&hellip;]<\/p>\n","protected":false},"author":1,"featured_media":0,"parent":0,"menu_order":0,"comment_status":"closed","ping_status":"open","template":"","meta":{"_et_pb_use_builder":"on","_et_pb_old_content":"","_et_gb_content_width":"","inline_featured_image":false,"footnotes":""},"class_list":["post-2","page","type-page","status-publish","hentry"],"_links":{"self":[{"href":"https:\/\/www.gain-switzerland.ch\/de\/wp-json\/wp\/v2\/pages\/2","targetHints":{"allow":["GET"]}}],"collection":[{"href":"https:\/\/www.gain-switzerland.ch\/de\/wp-json\/wp\/v2\/pages"}],"about":[{"href":"https:\/\/www.gain-switzerland.ch\/de\/wp-json\/wp\/v2\/types\/page"}],"author":[{"embeddable":true,"href":"https:\/\/www.gain-switzerland.ch\/de\/wp-json\/wp\/v2\/users\/1"}],"replies":[{"embeddable":true,"href":"https:\/\/www.gain-switzerland.ch\/de\/wp-json\/wp\/v2\/comments?post=2"}],"version-history":[{"count":5,"href":"https:\/\/www.gain-switzerland.ch\/de\/wp-json\/wp\/v2\/pages\/2\/revisions"}],"predecessor-version":[{"id":11522,"href":"https:\/\/www.gain-switzerland.ch\/de\/wp-json\/wp\/v2\/pages\/2\/revisions\/11522"}],"wp:attachment":[{"href":"https:\/\/www.gain-switzerland.ch\/de\/wp-json\/wp\/v2\/media?parent=2"}],"curies":[{"name":"wp","href":"https:\/\/api.w.org\/{rel}","templated":true}]}}