{"id":2702,"date":"2020-02-11T16:02:32","date_gmt":"2020-02-11T15:02:32","guid":{"rendered":"https:\/\/www.gain-switzerland.ch\/de\/?page_id=2702"},"modified":"2025-10-14T07:42:12","modified_gmt":"2025-10-14T05:42:12","slug":"verpack-aktionen","status":"publish","type":"page","link":"https:\/\/www.gain-switzerland.ch\/de\/mitmachen\/verpack-aktionen\/","title":{"rendered":"Verpack-Aktionen"},"content":{"rendered":"<p>[et_pb_section fb_built=&#8220;1&#8243; fullwidth=&#8220;on&#8220; admin_label=&#8220;Sektion&#8220; _builder_version=&#8220;4.16&#8243; global_colors_info=&#8220;{}&#8220;][et_pb_fullwidth_slider admin_label=&#8220;Vollbreiter Slider&#8220; _builder_version=&#8220;4.20.4&#8243; background_position=&#8220;top_center&#8220; text_orientation=&#8220;left&#8220; custom_padding=&#8220;|||&#8220; custom_padding_tablet=&#8220;|||&#8220; custom_padding_phone=&#8220;|||&#8220; box_shadow_style=&#8220;preset6&#8243; box_shadow_blur=&#8220;10px&#8220; box_shadow_color=&#8220;rgba(0,0,0,0.1)&#8220; remove_inner_shadow=&#8220;off&#8220; hide_content_on_mobile=&#8220;off&#8220; hide_cta_on_mobile=&#8220;off&#8220; show_inner_shadow=&#8220;on&#8220; button_letter_spacing_hover=&#8220;0&#8243; global_colors_info=&#8220;{}&#8220; button_text_size__hover_enabled=&#8220;off&#8220; button_one_text_size__hover_enabled=&#8220;off&#8220; button_two_text_size__hover_enabled=&#8220;off&#8220; button_text_color__hover_enabled=&#8220;off&#8220; button_one_text_color__hover_enabled=&#8220;off&#8220; button_two_text_color__hover_enabled=&#8220;off&#8220; button_border_width__hover_enabled=&#8220;off&#8220; button_one_border_width__hover_enabled=&#8220;off&#8220; button_two_border_width__hover_enabled=&#8220;off&#8220; button_border_color__hover_enabled=&#8220;off&#8220; button_one_border_color__hover_enabled=&#8220;off&#8220; button_two_border_color__hover_enabled=&#8220;off&#8220; button_border_radius__hover_enabled=&#8220;off&#8220; button_one_border_radius__hover_enabled=&#8220;off&#8220; button_two_border_radius__hover_enabled=&#8220;off&#8220; button_letter_spacing__hover_enabled=&#8220;on&#8220; button_letter_spacing__hover=&#8220;0&#8243; button_one_letter_spacing__hover_enabled=&#8220;off&#8220; button_two_letter_spacing__hover_enabled=&#8220;off&#8220; button_bg_color__hover_enabled=&#8220;off&#8220; button_one_bg_color__hover_enabled=&#8220;off&#8220; button_two_bg_color__hover_enabled=&#8220;off&#8220;][et_pb_slide heading=&#8220;Verpack-Aktionen&#8220; use_bg_overlay=&#8220;off&#8220; use_text_overlay=&#8220;off&#8220; content_tablet=&#8220;<\/p>\n<h1>\u2014<\/h1>\n<p>Du verlierst bei hunderten von Zahnb\u00fcrsten den<br \/>\u00dcberblick nicht? Weisst du, wie man Klebeband-<br \/>streifen geschickt abreisst oder mit einem Palettenrolli<br \/>Slalom f\u00e4hrt? Dann brauchen wir genau dich!<\/p>\n<p>&#8220; content_phone=&#8220;<\/p>\n<h1>\u2014<\/h1>\n<p>Du verlierst bei hunderten von Zahnb\u00fcrsten den \u00dcberblick nicht? Weisst du, wie man Klebebandstreifen geschickt abreisst oder mit einem Palettenrolli Slalom f\u00e4hrt? Dann brauchen wir genau dich!<\/p>\n<p>&#8220; content_last_edited=&#8220;on|phone&#8220; _builder_version=&#8220;4.20.4&#8243; header_level=&#8220;h3&#8243; header_font=&#8220;||||&#8220; header_text_align=&#8220;left&#8220; header_font_size=&#8220;45&#8243; body_font=&#8220;||||&#8220; background_color=&#8220;#ffffff&#8220; background_image=&#8220;https:\/\/www.gain-switzerland.ch\/de\/wp-content\/uploads\/sites\/2\/DSC02301-scaled-e1581500836736.jpg&#8220; background_enable_image=&#8220;on&#8220; parallax=&#8220;on&#8220; button_icon_placement=&#8220;right&#8220; button_on_hover=&#8220;on&#8220; header_font_size_tablet=&#8220;35&#8243; header_font_size_phone=&#8220;30&#8243; header_font_size_last_edited=&#8220;on|phone&#8220; global_colors_info=&#8220;{}&#8220; button_text_size__hover_enabled=&#8220;off&#8220; button_one_text_size__hover_enabled=&#8220;off&#8220; button_two_text_size__hover_enabled=&#8220;off&#8220; button_text_color__hover_enabled=&#8220;off&#8220; button_one_text_color__hover_enabled=&#8220;off&#8220; button_two_text_color__hover_enabled=&#8220;off&#8220; button_border_width__hover_enabled=&#8220;off&#8220; button_one_border_width__hover_enabled=&#8220;off&#8220; button_two_border_width__hover_enabled=&#8220;off&#8220; button_border_color__hover_enabled=&#8220;off&#8220; button_one_border_color__hover_enabled=&#8220;off&#8220; button_two_border_color__hover_enabled=&#8220;off&#8220; button_border_radius__hover_enabled=&#8220;off&#8220; button_one_border_radius__hover_enabled=&#8220;off&#8220; button_two_border_radius__hover_enabled=&#8220;off&#8220; button_letter_spacing__hover_enabled=&#8220;off&#8220; button_one_letter_spacing__hover_enabled=&#8220;off&#8220; button_two_letter_spacing__hover_enabled=&#8220;off&#8220; button_bg_color__hover_enabled=&#8220;off&#8220; button_one_bg_color__hover_enabled=&#8220;off&#8220; button_two_bg_color__hover_enabled=&#8220;off&#8220; sticky_transition=&#8220;on&#8220;]<\/p>\n<h1>\u2014<\/h1>\n<p>Du verlierst bei hunderten von Zahnb\u00fcrsten den<br \/>\u00dcberblick nicht? Weisst du, wie man Klebeband-<br \/>streifen geschickt abreisst oder mit einem Palettenrolli<br \/>Slalom f\u00e4hrt? Dann brauchen wir genau dich!<\/p>\n<p>[\/et_pb_slide][\/et_pb_fullwidth_slider][\/et_pb_section][et_pb_section fb_built=&#8220;1&#8243; admin_label=&#8220;section&#8220; _builder_version=&#8220;4.16&#8243; background_enable_color=&#8220;off&#8220; use_background_color_gradient=&#8220;on&#8220; background_color_gradient_stops=&#8220;rgba(0,0,0,0) 0%|rgba(223,157,24,0.1) 100%&#8220; background_color_gradient_start=&#8220;rgba(0,0,0,0)&#8220; background_color_gradient_end=&#8220;rgba(223,157,24,0.1)&#8220; custom_padding=&#8220;17px||1px||false|false&#8220; global_colors_info=&#8220;{}&#8220;][et_pb_row _builder_version=&#8220;4.16&#8243; custom_padding=&#8220;50px||0px|||&#8220; global_colors_info=&#8220;{}&#8220;][et_pb_column type=&#8220;4_4&#8243; _builder_version=&#8220;4.16&#8243; global_colors_info=&#8220;{}&#8220;][et_pb_text _builder_version=&#8220;4.16&#8243; global_colors_info=&#8220;{}&#8220;]<\/p>\n<h3 style=\"text-align: center;\">Mitmachen und Gutes tun<br \/>\u2014<\/h3>\n<p>[\/et_pb_text][\/et_pb_column][\/et_pb_row][et_pb_row column_structure=&#8220;1_2,1_2&#8243; _builder_version=&#8220;4.16&#8243; background_size=&#8220;initial&#8220; background_position=&#8220;top_left&#8220; background_repeat=&#8220;repeat&#8220; module_alignment=&#8220;center&#8220; custom_margin=&#8220;|328px||auto||&#8220; global_colors_info=&#8220;{}&#8220;][et_pb_column type=&#8220;1_2&#8243; _builder_version=&#8220;4.16&#8243; custom_padding=&#8220;|||&#8220; global_colors_info=&#8220;{}&#8220; custom_padding__hover=&#8220;|||&#8220;][et_pb_blurb _builder_version=&#8220;4.16.0&#8243; header_font_size=&#8220;30&#8243; body_font_size=&#8220;16&#8243; text_orientation=&#8220;center&#8220; custom_margin_tablet=&#8220;&#8220; custom_margin_phone=&#8220;&#8220; custom_margin_last_edited=&#8220;on|desktop&#8220; custom_padding=&#8220;||||false|false&#8220; border_style=&#8220;solid&#8220; global_colors_info=&#8220;{}&#8220;]<\/p>\n<div style=\"text-align: left;\"><\/div>\n<div style=\"text-align: left;\">\n<div><span style=\"font-weight: 400;\">Wenn du gelegentlich Zeit hast, ein paar Stunden in unserem Hilfsg\u00fcter Lager mitzuhelfen, melde dich f\u00fcr unsere Verpack Aktionen an. Jeden Mittwoch und Freitag sind wir den ganzen Tag vor Ort, um die gespendeten Artikel zu sortieren, verpacken und f\u00fcr den Transport bereitzustellen.<\/span><\/div>\n<\/div>\n<p>[\/et_pb_blurb][et_pb_button button_url=&#8220;https:\/\/findmind.ch\/c\/mitmachen-im-GAiN-Lager&#8220; url_new_window=&#8220;on&#8220; button_text=&#8220;Im Lager mithelfen&#8220; _builder_version=&#8220;4.27.4&#8243; _module_preset=&#8220;default&#8220; custom_button=&#8220;on&#8220; button_text_color=&#8220;#FFFFFF&#8220; button_bg_color=&#8220;#eb8100&#8243; button_border_width=&#8220;0px&#8220; custom_margin=&#8220;|298px||||&#8220; custom_margin_tablet=&#8220;|||30px|false|false&#8220; custom_margin_phone=&#8220;|||30px|false|false&#8220; custom_margin_last_edited=&#8220;on|tablet&#8220; hover_enabled=&#8220;0&#8243; global_colors_info=&#8220;{}&#8220; sticky_enabled=&#8220;0&#8243;][\/et_pb_button][et_pb_blurb _builder_version=&#8220;4.22.2&#8243; header_font_size=&#8220;30&#8243; body_font_size=&#8220;16&#8243; custom_padding=&#8220;||0px|||&#8220; border_style=&#8220;solid&#8220; global_colors_info=&#8220;{}&#8220;]<\/p>\n<p><span style=\"font-weight: 400;\">Oder hast du Freude, uns sogar regelm\u00e4ssig im Lager zu unterst\u00fctzen? Gerne schauen wir individuell mit dir, wie deine Mitarbeit als Volont\u00e4r bei GAiN aussehen kann. Wiederholende Aufgaben wie GAiN@Home Pakete kontrollieren, Babypakete erstellen oder im GAiN Pop-Up Store mithelfen &#8211; wir finden bestimmt die passende Aufgabe f\u00fcr dich.<\/span><\/p>\n<p><span style=\"font-weight: 400;\">Melde dich per Mail und beschreib uns, wie deine Mithilfe aussehen k\u00f6nnte.<\/span><a href=\"&#x6d;&#x61;&#x69;&#x6c;&#x74;&#x6f;&#58;&#105;&#110;&#102;o&#64;ga&#x69;&#x6e;&#x2d;&#x73;&#x77;&#x69;&#116;&#122;&#101;&#114;&#108;and&#x2e;&#x63;&#x68;\"><span style=\"font-weight: 400;\"> &#x69;&#110;&#102;o&#x40;&#x67;&#97;i&#x6e;&#x2d;&#115;wi&#x74;&#122;&#101;r&#x6c;&#x61;&#110;d&#x2e;&#x63;&#104;<\/span><\/a><\/p>\n<p>[\/et_pb_blurb][\/et_pb_column][et_pb_column type=&#8220;1_2&#8243; _builder_version=&#8220;4.16&#8243; custom_padding=&#8220;|||&#8220; global_colors_info=&#8220;{}&#8220; custom_padding__hover=&#8220;|||&#8220;][et_pb_image src=&#8220;https:\/\/www.gain-switzerland.ch\/de\/wp-content\/uploads\/sites\/2\/20200211_Verpack-Aktionen_2020_nur_Bild.jpg&#8220; _builder_version=&#8220;4.20.4&#8243; global_colors_info=&#8220;{}&#8220;][\/et_pb_image][et_pb_testimonial quote_icon_color=&#8220;#eb8100&#8243; portrait_width=&#8220;0px&#8220; portrait_height=&#8220;0px&#8220; _builder_version=&#8220;4.22.2&#8243; _module_preset=&#8220;default&#8220; width=&#8220;99.9%&#8220; module_alignment=&#8220;left&#8220; min_height=&#8220;256px&#8220; custom_margin=&#8220;||-13px|||&#8220; custom_padding=&#8220;||17px|||&#8220; border_radii_portrait=&#8220;off|0px|0px|0px|0px&#8220; border_color_left_portrait=&#8220;rgba(0,0,0,0)&#8220; border_style_left_portrait=&#8220;none&#8220; border_radii_portrait_last_edited=&#8220;off|desktop&#8220; global_colors_info=&#8220;{}&#8220; border_radii_portrait__hover_enabled=&#8220;off|desktop&#8220;]<\/p>\n<p><strong>&#8222;GAiN hat mich direkt angesprochen, weil ganz unkompliziert, ganz spontan und ganz praktisch mit angepackt werden kann. Ich habe gestaunt \u00fcber die strategische Organisation, die konkrete Umsetzung und vor allem auch, dass die W\u00fcrde der Menschen im Vordergrund steht. Es wird auf den qualitativen Zustand und die sinnvolle Einsetzung der Hilfsg\u00fcter viel Wert gelegt, was ich sehr sch\u00e4tze.&#8220;<\/strong> <br \/>&#8211; Linda<\/p>\n<p>[\/et_pb_testimonial][\/et_pb_column][\/et_pb_row][\/et_pb_section]<\/p>\n","protected":false},"excerpt":{"rendered":"<p>\u2014 Du verlierst bei hunderten von Zahnb\u00fcrsten den\u00dcberblick nicht? Weisst du, wie man Klebeband-streifen geschickt abreisst oder mit einem PalettenrolliSlalom f\u00e4hrt? Dann brauchen wir genau dich!Mitmachen und Gutes tun\u2014 Wenn du gelegentlich Zeit hast, ein paar Stunden in unserem Hilfsg\u00fcter Lager mitzuhelfen, melde dich f\u00fcr unsere Verpack Aktionen an. Jeden Mittwoch und Freitag sind wir [&hellip;]<\/p>\n","protected":false},"author":5,"featured_media":0,"parent":86,"menu_order":30,"comment_status":"closed","ping_status":"closed","template":"","meta":{"_et_pb_use_builder":"on","_et_pb_old_content":"","_et_gb_content_width":"","inline_featured_image":false,"footnotes":""},"class_list":["post-2702","page","type-page","status-publish","hentry"],"_links":{"self":[{"href":"https:\/\/www.gain-switzerland.ch\/de\/wp-json\/wp\/v2\/pages\/2702","targetHints":{"allow":["GET"]}}],"collection":[{"href":"https:\/\/www.gain-switzerland.ch\/de\/wp-json\/wp\/v2\/pages"}],"about":[{"href":"https:\/\/www.gain-switzerland.ch\/de\/wp-json\/wp\/v2\/types\/page"}],"author":[{"embeddable":true,"href":"https:\/\/www.gain-switzerland.ch\/de\/wp-json\/wp\/v2\/users\/5"}],"replies":[{"embeddable":true,"href":"https:\/\/www.gain-switzerland.ch\/de\/wp-json\/wp\/v2\/comments?post=2702"}],"version-history":[{"count":5,"href":"https:\/\/www.gain-switzerland.ch\/de\/wp-json\/wp\/v2\/pages\/2702\/revisions"}],"predecessor-version":[{"id":11076,"href":"https:\/\/www.gain-switzerland.ch\/de\/wp-json\/wp\/v2\/pages\/2702\/revisions\/11076"}],"up":[{"embeddable":true,"href":"https:\/\/www.gain-switzerland.ch\/de\/wp-json\/wp\/v2\/pages\/86"}],"wp:attachment":[{"href":"https:\/\/www.gain-switzerland.ch\/de\/wp-json\/wp\/v2\/media?parent=2702"}],"curies":[{"name":"wp","href":"https:\/\/api.w.org\/{rel}","templated":true}]}}