{"id":5088,"date":"2022-02-19T10:56:24","date_gmt":"2022-02-19T09:56:24","guid":{"rendered":"https:\/\/www.gain-switzerland.ch\/de\/?page_id=5088"},"modified":"2024-09-26T11:16:17","modified_gmt":"2024-09-26T09:16:17","slug":"gainathome","status":"publish","type":"page","link":"https:\/\/www.gain-switzerland.ch\/de\/mitmachen\/gainathome\/","title":{"rendered":"GAiN@home"},"content":{"rendered":"<p>[et_pb_section fb_built=&#8220;1&#8243; fullwidth=&#8220;on&#8220; admin_label=&#8220;Sektion&#8220; _builder_version=&#8220;4.16&#8243; global_colors_info=&#8220;{}&#8220;][et_pb_fullwidth_slider admin_label=&#8220;Vollbreiter Slider&#8220; _builder_version=&#8220;4.25.2&#8243; background_image=&#8220;https:\/\/www.gain-switzerland.ch\/de\/wp-content\/uploads\/sites\/2\/20201023_HYGIEN_silas_zindel_hygiene_kit_single_women_2476-1-scaled-e1626413623274.jpg&#8220; background_position=&#8220;top_center&#8220; custom_padding=&#8220;|||&#8220; custom_padding_tablet=&#8220;|||&#8220; custom_padding_phone=&#8220;|||&#8220; box_shadow_style=&#8220;preset6&#8243; box_shadow_blur=&#8220;10px&#8220; box_shadow_color=&#8220;rgba(0,0,0,0.1)&#8220; remove_inner_shadow=&#8220;off&#8220; hide_content_on_mobile=&#8220;off&#8220; hide_cta_on_mobile=&#8220;off&#8220; show_inner_shadow=&#8220;on&#8220; button_letter_spacing_hover=&#8220;0&#8243; global_colors_info=&#8220;{}&#8220; button_text_size__hover_enabled=&#8220;off&#8220; button_one_text_size__hover_enabled=&#8220;off&#8220; button_two_text_size__hover_enabled=&#8220;off&#8220; button_text_color__hover_enabled=&#8220;off&#8220; button_one_text_color__hover_enabled=&#8220;off&#8220; button_two_text_color__hover_enabled=&#8220;off&#8220; button_border_width__hover_enabled=&#8220;off&#8220; button_one_border_width__hover_enabled=&#8220;off&#8220; button_two_border_width__hover_enabled=&#8220;off&#8220; button_border_color__hover_enabled=&#8220;off&#8220; button_one_border_color__hover_enabled=&#8220;off&#8220; button_two_border_color__hover_enabled=&#8220;off&#8220; button_border_radius__hover_enabled=&#8220;off&#8220; button_one_border_radius__hover_enabled=&#8220;off&#8220; button_two_border_radius__hover_enabled=&#8220;off&#8220; button_letter_spacing__hover_enabled=&#8220;on&#8220; button_letter_spacing__hover=&#8220;0&#8243; button_one_letter_spacing__hover_enabled=&#8220;off&#8220; button_two_letter_spacing__hover_enabled=&#8220;off&#8220; button_bg_color__hover_enabled=&#8220;off&#8220; button_one_bg_color__hover_enabled=&#8220;off&#8220; button_two_bg_color__hover_enabled=&#8220;off&#8220;][et_pb_slide heading=&#8220;GAiN@home&#8220; use_bg_overlay=&#8220;off&#8220; use_text_overlay=&#8220;off&#8220; content_tablet=&#8220;<\/p>\n<h1>\u2014<\/h1>\n<p>Dank GAiN@home kannst du jetzt praktisch auch<br \/>von Zuhause aus anpacken. Mit diesem neuen<br \/>Produkt lancieren wir eine unbefristete Aktion,<br \/>bei der du uns einfach und unkompliziert unter-<br \/>st\u00fctzen kannst. Eine Mitmach-M\u00f6glichkeit f\u00fcr<br \/>jung und alt, mit direktem Einfluss auf das Leben<br \/>von einzelnen Menschen unserer Projektl\u00e4nder.<\/p>\n<p>&#8220; content_phone=&#8220;<\/p>\n<h1>\u2014<\/h1>\n<p>Dank GAiN@home kannst du jetzt praktisch auch von Zuhause aus anpacken. Mit diesem neuen Produkt lancieren wir eine unbefristete Aktion, bei der du uns einfach und unkompliziert unterst\u00fctzen kannst. Eine Mitmach-M\u00f6glichkeit f\u00fcr jung und alt, mit direktem Einfluss auf das Leben von einzelnen Menschen unserer Projektl\u00e4nder.<\/p>\n<p>&#8220; content_last_edited=&#8220;on|phone&#8220; _builder_version=&#8220;4.25.2&#8243; header_level=&#8220;h3&#8243; header_font=&#8220;||||&#8220; header_text_align=&#8220;left&#8220; header_font_size=&#8220;45&#8243; body_font=&#8220;||||&#8220; background_color=&#8220;#ffffff&#8220; background_image=&#8220;https:\/\/www.gain-switzerland.ch\/de\/wp-content\/uploads\/sites\/2\/20201023_HYGIEN_silas_zindel_hygiene_kit_single_women_2476-1-scaled-e1626413623274.jpg&#8220; background_enable_image=&#8220;on&#8220; parallax=&#8220;on&#8220; button_icon_placement=&#8220;right&#8220; button_on_hover=&#8220;on&#8220; text_orientation=&#8220;left&#8220; header_font_size_tablet=&#8220;35&#8243; header_font_size_phone=&#8220;30&#8243; header_font_size_last_edited=&#8220;on|phone&#8220; global_colors_info=&#8220;{}&#8220; button_text_size__hover_enabled=&#8220;off&#8220; button_one_text_size__hover_enabled=&#8220;off&#8220; button_two_text_size__hover_enabled=&#8220;off&#8220; button_text_color__hover_enabled=&#8220;off&#8220; button_one_text_color__hover_enabled=&#8220;off&#8220; button_two_text_color__hover_enabled=&#8220;off&#8220; button_border_width__hover_enabled=&#8220;off&#8220; button_one_border_width__hover_enabled=&#8220;off&#8220; button_two_border_width__hover_enabled=&#8220;off&#8220; button_border_color__hover_enabled=&#8220;off&#8220; button_one_border_color__hover_enabled=&#8220;off&#8220; button_two_border_color__hover_enabled=&#8220;off&#8220; button_border_radius__hover_enabled=&#8220;off&#8220; button_one_border_radius__hover_enabled=&#8220;off&#8220; button_two_border_radius__hover_enabled=&#8220;off&#8220; button_letter_spacing__hover_enabled=&#8220;off&#8220; button_one_letter_spacing__hover_enabled=&#8220;off&#8220; button_two_letter_spacing__hover_enabled=&#8220;off&#8220; button_bg_color__hover_enabled=&#8220;off&#8220; button_one_bg_color__hover_enabled=&#8220;off&#8220; button_two_bg_color__hover_enabled=&#8220;off&#8220; sticky_transition=&#8220;on&#8220;]<\/p>\n<h1>\u2014<\/h1>\n<p>Dank GAiN@home kannst du ganz praktisch von<br \/>Zuhause aus anpacken. Eine Mitmach-M\u00f6glichkeit f\u00fcr<br \/>jung und alt, mit direktem Einfluss auf das Leben<br \/>von einzelnen Menschen in unseren Projektl\u00e4ndern.<\/p>\n<p>[\/et_pb_slide][\/et_pb_fullwidth_slider][\/et_pb_section][et_pb_section fb_built=&#8220;1&#8243; admin_label=&#8220;section&#8220; _builder_version=&#8220;4.16&#8243; background_enable_color=&#8220;off&#8220; use_background_color_gradient=&#8220;on&#8220; background_color_gradient_stops=&#8220;rgba(0,0,0,0) 0%|rgba(223,157,24,0.1) 100%&#8220; background_color_gradient_start=&#8220;rgba(0,0,0,0)&#8220; background_color_gradient_end=&#8220;rgba(223,157,24,0.1)&#8220; custom_padding=&#8220;17px||1px||false|false&#8220; global_colors_info=&#8220;{}&#8220;][et_pb_row _builder_version=&#8220;4.16&#8243; custom_padding=&#8220;50px||0px|||&#8220; global_colors_info=&#8220;{}&#8220;][et_pb_column type=&#8220;4_4&#8243; _builder_version=&#8220;4.16&#8243; global_colors_info=&#8220;{}&#8220;][et_pb_text _builder_version=&#8220;4.16&#8243; global_colors_info=&#8220;{}&#8220;]<\/p>\n<h3 style=\"text-align: center\">Praktisch von Zuhause mitmachen<\/h3>\n<p>[\/et_pb_text][\/et_pb_column][\/et_pb_row][et_pb_row column_structure=&#8220;1_2,1_2&#8243; _builder_version=&#8220;4.16&#8243; background_size=&#8220;initial&#8220; background_position=&#8220;top_left&#8220; background_repeat=&#8220;repeat&#8220; module_alignment=&#8220;center&#8220; custom_margin=&#8220;|328px||auto||&#8220; global_colors_info=&#8220;{}&#8220;][et_pb_column type=&#8220;1_2&#8243; _builder_version=&#8220;4.16&#8243; custom_padding=&#8220;|||&#8220; global_colors_info=&#8220;{}&#8220; custom_padding__hover=&#8220;|||&#8220;][et_pb_blurb _builder_version=&#8220;4.16.0&#8243; header_font_size=&#8220;30&#8243; body_font_size=&#8220;16&#8243; custom_padding=&#8220;||0px|||&#8220; border_style=&#8220;solid&#8220; global_colors_info=&#8220;{}&#8220;]<\/p>\n<p><strong>Und so geht&#8217;s:<\/strong><\/p>\n<ul>\n<li>Entscheide dich entweder f\u00fcr das Babypaket, das Hygienepaket oder beide.<\/li>\n<li>Orientiere dich an unseren GAiN@home Flyern, auf denen du den genauen Ablauf sowie die Einkaufsliste f\u00fcr die Pakete findest.<\/li>\n<li>Der Inhalt der Pakete sind genau auf die Bed\u00fcrfnisse der Menschen angepasst. Bitte f\u00fcge keine Erg\u00e4nzungen hinzu und lass keinen Artikel weg.<\/li>\n<li>Das fertige Hilfspaket kannst du an einer unserer <a href=\"https:\/\/www.gain-switzerland.ch\/de\/mitmachen\/hilfsgueter-sammeln\/#sammelstellen\">Sammelstellen<\/a> abgeben oder per Post uns zusenden.<\/li>\n<\/ul>\n<p>Durch deinen Einsatz hilfst du, die Hygieneverh\u00e4ltnisse im Fl\u00fcchtlingscamp zu verbessern oder frisch gebackene Eltern und ihre Neugeborenen mit dem N\u00f6tigsten zu versorgen. Wir freuen uns auf deine Pakete!<\/p>\n<p>[\/et_pb_blurb][et_pb_blurb _builder_version=&#8220;4.16&#8243; header_font_size=&#8220;30&#8243; body_font_size=&#8220;16&#8243; custom_padding=&#8220;||0px|||&#8220; border_style=&#8220;solid&#8220; global_colors_info=&#8220;{}&#8220;][\/et_pb_blurb][\/et_pb_column][et_pb_column type=&#8220;1_2&#8243; _builder_version=&#8220;4.16&#8243; custom_padding=&#8220;|||&#8220; global_colors_info=&#8220;{}&#8220; custom_padding__hover=&#8220;|||&#8220;][et_pb_image src=&#8220;https:&#x2f;&#x2f;&#119;&#119;w&#x2e;&#x67;&#x61;&#105;n-&#x73;&#x77;&#105;&#116;z&#x65;&#x72;&#x6c;&#97;nd&#x2e;&#x63;&#104;&#47;d&#x65;&#x2f;&#x77;&#112;-c&#x6f;&#x6e;&#116;&#101;n&#x74;&#x2f;&#x75;&#112;&#108;o&#x61;&#x64;&#115;&#47;s&#x69;&#x74;&#x65;&#115;&#47;2&#x2f;&#x47;&#x41;&#105;N&#64;&#x68;&#x6f;&#109;&#101;-&#x73;&#x63;&#x61;&#108;ed&#x2d;&#x65;&#49;&#54;4&#x35;&#x32;&#x36;&#53;33&#x39;&#x36;&#49;&#56;&#46;&#x6a;&#x70;&#x65;&#103;&#8220; title_text=&#8220;GAiN@home&#8220; _builder_version=&#8220;4.16&#8243; global_colors_info=&#8220;{}&#8220;][\/et_pb_image][\/et_pb_column][\/et_pb_row][et_pb_row _builder_version=&#8220;4.16.0&#8243; _module_preset=&#8220;default&#8220; global_colors_info=&#8220;{}&#8220;][et_pb_column type=&#8220;4_4&#8243; _builder_version=&#8220;4.16.0&#8243; _module_preset=&#8220;default&#8220; global_colors_info=&#8220;{}&#8220;][et_pb_testimonial quote_icon_color=&#8220;#eb8100&#8243; portrait_width=&#8220;0px&#8220; portrait_height=&#8220;0px&#8220; _builder_version=&#8220;4.17.4&#8243; _module_preset=&#8220;default&#8220; width=&#8220;99.9%&#8220; module_alignment=&#8220;left&#8220; min_height=&#8220;256px&#8220; custom_margin=&#8220;||-13px|||&#8220; custom_padding=&#8220;||17px|||&#8220; border_radii_portrait=&#8220;off|0px|0px|0px|0px&#8220; border_color_left_portrait=&#8220;rgba(0,0,0,0)&#8220; border_style_left_portrait=&#8220;none&#8220; border_radii_portrait_last_edited=&#8220;off|desktop&#8220; global_colors_info=&#8220;{}&#8220; border_radii_portrait__hover_enabled=&#8220;off|desktop&#8220;]<\/p>\n<p><strong>Materielle Hilfe in der Not bewegt und ver\u00e4ndert Herzen. Folgendes Erlebnis ist der Beweis daf\u00fcr:<\/strong><\/p>\n<p><em>S. kommt aus Syrien. Letztes Jahr hat ihn seine Frau verlassen und nun zieht er seine beiden Kinder (eins und zwei Jahre alt) alleine auf. Er lebt in einem Fl\u00fcchtlingslager s\u00fcdlich von Athen, aber er erh\u00e4lt keine finanzielle Unterst\u00fctzung von der Regierung. Dank unserem Transport konnten unsere lokalen Partner dem Vater Windeln, Baby-Feuchtt\u00fccher und die n\u00f6tigen Hygieneartikeln zur Verf\u00fcgung stellen. In der Vergangenheit sorgte er oft f\u00fcr \u00c4rger im Lager, da er in seiner Verzweiflung aggressiv gegen\u00fcber den Beamten wurde, die seine Hilferufe nicht erwidern konnten.. Er war zutiefst bewegt von den Geschenken. Sp\u00e4ter meldeten sich die Beamten des Lagers bei unserem Partner und dankten daf\u00fcr, dass dieser problembelasteten Familie geholfen wurde. Sie wurden Zeuge, wie sich sein Verhalten \u00e4nderte, nachdem er erkannte, dass es Menschen gibt, denen sein Schicksal nicht egal ist.<\/em><\/p>\n<p>[\/et_pb_testimonial][\/et_pb_column][\/et_pb_row][et_pb_row _builder_version=&#8220;4.16&#8243; _module_preset=&#8220;default&#8220; global_colors_info=&#8220;{}&#8220;][et_pb_column type=&#8220;4_4&#8243; _builder_version=&#8220;4.16&#8243; _module_preset=&#8220;default&#8220; global_colors_info=&#8220;{}&#8220;][et_pb_text _builder_version=&#8220;4.16&#8243; _module_preset=&#8220;default&#8220; global_colors_info=&#8220;{}&#8220;]<\/p>\n<h3 style=\"text-align: center\">Flyer<\/h3>\n<p>[\/et_pb_text][\/et_pb_column][\/et_pb_row][et_pb_row column_structure=&#8220;1_2,1_6,1_6,1_6&#8243; _builder_version=&#8220;4.16&#8243; _module_preset=&#8220;default&#8220; global_colors_info=&#8220;{}&#8220;][et_pb_column type=&#8220;1_2&#8243; _builder_version=&#8220;4.16&#8243; _module_preset=&#8220;default&#8220; global_colors_info=&#8220;{}&#8220;][et_pb_text _builder_version=&#8220;4.16&#8243; _module_preset=&#8220;default&#8220; text_font_size=&#8220;29px&#8220; header_4_font_size=&#8220;40px&#8220; global_colors_info=&#8220;{}&#8220;]<\/p>\n<h4 style=\"text-align: center;\">PDF zum herunterladen:<\/h4>\n<p>[\/et_pb_text][\/et_pb_column][et_pb_column type=&#8220;1_6&#8243; _builder_version=&#8220;4.16&#8243; _module_preset=&#8220;default&#8220; global_colors_info=&#8220;{}&#8220;][et_pb_image src=&#8220;https:\/\/www.gain-switzerland.ch\/de\/wp-content\/uploads\/sites\/2\/210316_Gain_athome.jpg&#8220; title_text=&#8220;Gainathome_Babypaket&#8220; url=&#8220;https:&#x2f;&#x2f;&#119;w&#x77;&#x2e;&#103;&#97;i&#x6e;&#x2d;&#115;&#119;i&#x74;&#x7a;&#101;rl&#x61;&#x6e;&#100;&#46;&#x63;&#x68;&#47;&#100;e&#x2f;&#x77;&#112;&#45;c&#x6f;&#x6e;&#116;en&#x74;&#x2f;&#117;p&#x6c;&#x6f;&#97;&#100;s&#x2f;&#x73;&#105;&#116;e&#x73;&#x2f;&#50;\/G&#x41;&#x69;&#78;&#64;&#x48;&#x6f;&#x6d;&#101;-&#x42;&#x61;&#98;&#121;p&#x61;&#x6b;&#101;&#116;&#46;&#x70;&#x64;&#102;&#8220; url_new_window=&#8220;on&#8220; _builder_version=&#8220;4.25.2&#8243; _module_preset=&#8220;default&#8220; height_tablet=&#8220;&#8220; height_phone=&#8220;&#8220; height_last_edited=&#8220;on|desktop&#8220; hover_enabled=&#8220;0&#8243; global_colors_info=&#8220;{}&#8220; transform_styles__hover_enabled=&#8220;on|hover&#8220; transform_scale__hover_enabled=&#8220;on|hover&#8220; transform_translate__hover_enabled=&#8220;on|desktop&#8220; transform_rotate__hover_enabled=&#8220;on|desktop&#8220; transform_skew__hover_enabled=&#8220;on|desktop&#8220; transform_origin__hover_enabled=&#8220;on|desktop&#8220; transform_scale__hover=&#8220;120%|120%&#8220; sticky_enabled=&#8220;0&#8243;][\/et_pb_image][\/et_pb_column][et_pb_column type=&#8220;1_6&#8243; _builder_version=&#8220;4.16&#8243; _module_preset=&#8220;default&#8220; global_colors_info=&#8220;{}&#8220;][et_pb_image src=&#8220;https:\/\/www.gain-switzerland.ch\/de\/wp-content\/uploads\/sites\/2\/210316_Gain_athome3.jpg&#8220; title_text=&#8220;Gainathome_Hygienepaket&#8220; url=&#8220;https:&#x2f;&#47;w&#x77;&#119;&#46;&#x67;&#97;i&#x6e;&#x2d;&#115;&#x77;&#x69;&#116;z&#x65;&#114;l&#x61;&#110;d&#x2e;&#x63;&#104;&#x2f;&#x64;&#101;\/&#x77;&#112;-&#x63;&#111;n&#x74;&#101;n&#x74;&#x2f;&#117;&#x70;&#x6c;&#111;a&#x64;&#115;\/&#x73;&#105;t&#x65;&#x73;&#47;&#x32;&#x2f;&#71;A&#x69;&#78;&#64;&#x48;&#111;m&#x65;&#45;H&#x79;&#x67;&#101;&#x69;&#x65;&#110;p&#x61;&#107;e&#x74;&#46;p&#x64;&#x66;&#8220; url_new_window=&#8220;on&#8220; _builder_version=&#8220;4.25.2&#8243; _module_preset=&#8220;default&#8220; hover_enabled=&#8220;0&#8243; global_colors_info=&#8220;{}&#8220; transform_styles__hover_enabled=&#8220;on|hover&#8220; transform_scale__hover_enabled=&#8220;on|hover&#8220; transform_translate__hover_enabled=&#8220;on|desktop&#8220; transform_rotate__hover_enabled=&#8220;on|desktop&#8220; transform_skew__hover_enabled=&#8220;on|desktop&#8220; transform_origin__hover_enabled=&#8220;on|desktop&#8220; transform_scale__hover=&#8220;120%|120%&#8220; sticky_enabled=&#8220;0&#8243;][\/et_pb_image][\/et_pb_column][et_pb_column type=&#8220;1_6&#8243; _builder_version=&#8220;4.16&#8243; _module_preset=&#8220;default&#8220; global_colors_info=&#8220;{}&#8220;][\/et_pb_column][\/et_pb_row][et_pb_row column_structure=&#8220;1_2,1_2&#8243; _builder_version=&#8220;4.16&#8243; _module_preset=&#8220;default&#8220; global_colors_info=&#8220;{}&#8220;][et_pb_column type=&#8220;1_2&#8243; _builder_version=&#8220;4.16&#8243; _module_preset=&#8220;default&#8220; global_colors_info=&#8220;{}&#8220;][et_pb_text _builder_version=&#8220;4.16&#8243; _module_preset=&#8220;default&#8220; text_font_size=&#8220;29px&#8220; header_4_font_size=&#8220;40px&#8220; global_colors_info=&#8220;{}&#8220;]<\/p>\n<h4 style=\"text-align: center;\">Visuelle Flyer bestellen:<\/h4>\n<p>[\/et_pb_text][\/et_pb_column][et_pb_column type=&#8220;1_2&#8243; _builder_version=&#8220;4.16&#8243; _module_preset=&#8220;default&#8220; global_colors_info=&#8220;{}&#8220;][et_pb_contact_form email=&#8220;&#x69;n&#x66;&#111;&#x40;&#103;&#x61;&#x69;n&#x2d;&#115;&#x77;&#105;&#x74;&#122;e&#x72;&#108;&#x61;&#110;&#x64;&#46;c&#x68;&#8220; custom_message=&#8220;GAiN@home Flyer||et_pb_line_break_holder||Betreff: %%Betreff%%||et_pb_line_break_holder||Anzahl Flyer: %%Anzahl%%||et_pb_line_break_holder||||et_pb_line_break_holder||Kontaktangaben:||et_pb_line_break_holder||%%Firma%%||et_pb_line_break_holder||%%Anrede%%||et_pb_line_break_holder||%%Vorname%% %%Nachname%%||et_pb_line_break_holder||%%Adresse%%||et_pb_line_break_holder||%%PLZ%% %%Ort%%||et_pb_line_break_holder||%%E-Mail%%||et_pb_line_break_holder||%%Telefon%%||et_pb_line_break_holder||||et_pb_line_break_holder||&#8220; success_message=&#8220;Wir danken dir f\u00fcr deine Bestellung und werden sie so schnell wie m\u00f6glich bearbeiten.&#8220; submit_button_text=&#8220;Absenden&#8220; _builder_version=&#8220;4.21.0&#8243; form_field_text_color=&#8220;#000000&#8243; title_level=&#8220;h4&#8243; title_font=&#8220;||||||||&#8220; title_text_align=&#8220;center&#8220; title_font_size=&#8220;43px&#8220; form_field_font=&#8220;||||||||&#8220; custom_button=&#8220;on&#8220; button_text_color=&#8220;#FFFFFF&#8220; button_bg_color=&#8220;#eb8100&#8243; button_border_width=&#8220;0px&#8220; text_orientation=&#8220;left&#8220; title_font_size_tablet=&#8220;&#8220; title_font_size_phone=&#8220;40px&#8220; title_font_size_last_edited=&#8220;on|phone&#8220; global_colors_info=&#8220;{}&#8220;][et_pb_contact_field field_id=&#8220;Betreff&#8220; field_title=&#8220;W\u00e4hle den Flyer*&#8220; field_type=&#8220;select&#8220; select_options=&#8220;%91{%22value%22:%22Flyer Hygienepaket bestellen%22,%22checked%22:0,%22dragID%22:-1},{%22value%22:%22Flyer Babypaket bestellen%22,%22checked%22:0,%22dragID%22:0},{%22value%22:%22Beide Flyer bestellen%22,%22checked%22:0,%22dragID%22:1}%93&#8243; fullwidth_field=&#8220;on&#8220; _builder_version=&#8220;4.21.0&#8243; form_field_font=&#8220;||||||||&#8220; form_field_font_size=&#8220;14px&#8220; global_colors_info=&#8220;{}&#8220;][\/et_pb_contact_field][et_pb_contact_field field_id=&#8220;Anzahl&#8220; field_title=&#8220;Anzahl pro Flyer*&#8220; fullwidth_field=&#8220;on&#8220; _builder_version=&#8220;4.21.0&#8243; _module_preset=&#8220;default&#8220; global_colors_info=&#8220;{}&#8220;][\/et_pb_contact_field][et_pb_contact_field field_id=&#8220;Anrede&#8220; field_title=&#8220;Anrede*&#8220; field_type=&#8220;radio&#8220; radio_options=&#8220;%91{%22value%22:%22Herr%22,%22checked%22:0,%22dragID%22:-1},{%22value%22:%22Frau%22,%22checked%22:0,%22dragID%22:0}%93&#8243; _builder_version=&#8220;4.16&#8243; form_field_font=&#8220;||||||||&#8220; text_orientation=&#8220;left&#8220; max_width=&#8220;49%&#8220; custom_margin=&#8220;30px||&#8220; global_colors_info=&#8220;{}&#8220;][\/et_pb_contact_field][et_pb_contact_field field_id=&#8220;Firma?&#8220; field_title=&#8220;Firma?&#8220; field_type=&#8220;checkbox&#8220; checkbox_options=&#8220;%91{%22value%22:%22Firma%22,%22checked%22:0,%22dragID%22:-1}%93&#8243; required_mark=&#8220;off&#8220; _builder_version=&#8220;4.16&#8243; form_field_font=&#8220;||||||||&#8220; text_orientation=&#8220;left&#8220; max_width=&#8220;49%&#8220; custom_margin=&#8220;30px||&#8220; global_colors_info=&#8220;{}&#8220;][\/et_pb_contact_field][et_pb_contact_field field_id=&#8220;Firma&#8220; field_title=&#8220;Firma*&#8220; fullwidth_field=&#8220;on&#8220; conditional_logic=&#8220;on&#8220; conditional_logic_rules=&#8220;%91{%22field%22:%22firma?%22,%22condition%22:%22is%22,%22value%22:%22Firma%22}%93&#8243; _builder_version=&#8220;4.16&#8243; global_colors_info=&#8220;{}&#8220;][\/et_pb_contact_field][et_pb_contact_field field_id=&#8220;Vorname&#8220; field_title=&#8220;Vorname*&#8220; _builder_version=&#8220;4.16&#8243; max_width=&#8220;50%&#8220; global_colors_info=&#8220;{}&#8220;][\/et_pb_contact_field][et_pb_contact_field field_id=&#8220;Nachname&#8220; field_title=&#8220;Nachname*&#8220; _builder_version=&#8220;4.16&#8243; max_width=&#8220;50%&#8220; global_colors_info=&#8220;{}&#8220;][\/et_pb_contact_field][et_pb_contact_field field_id=&#8220;Adresse&#8220; field_title=&#8220;Strasse \/ Nummer*&#8220; fullwidth_field=&#8220;on&#8220; _builder_version=&#8220;4.16&#8243; global_colors_info=&#8220;{}&#8220;][\/et_pb_contact_field][et_pb_contact_field field_id=&#8220;PLZ&#8220; field_title=&#8220;PLZ*&#8220; allowed_symbols=&#8220;numbers&#8220; _builder_version=&#8220;4.16&#8243; max_width=&#8220;50%&#8220; global_colors_info=&#8220;{}&#8220;][\/et_pb_contact_field][et_pb_contact_field field_id=&#8220;Ort&#8220; field_title=&#8220;Ort*&#8220; _builder_version=&#8220;4.16&#8243; max_width=&#8220;50%&#8220; global_colors_info=&#8220;{}&#8220;][\/et_pb_contact_field][et_pb_contact_field field_id=&#8220;E-Mail&#8220; field_title=&#8220;E-Mail*&#8220; field_type=&#8220;email&#8220; fullwidth_field=&#8220;on&#8220; _builder_version=&#8220;4.16&#8243; global_colors_info=&#8220;{}&#8220;][\/et_pb_contact_field][et_pb_contact_field field_id=&#8220;Telefon&#8220; field_title=&#8220;Telefon&#8220; allowed_symbols=&#8220;numbers&#8220; required_mark=&#8220;off&#8220; fullwidth_field=&#8220;on&#8220; _builder_version=&#8220;4.16&#8243; form_field_font=&#8220;||||||||&#8220; custom_margin=&#8220;||&#8220; global_colors_info=&#8220;{}&#8220;][\/et_pb_contact_field][\/et_pb_contact_form][\/et_pb_column][\/et_pb_row][\/et_pb_section]<\/p>\n","protected":false},"excerpt":{"rendered":"<p>\u2014 Dank GAiN@home kannst du ganz praktisch vonZuhause aus anpacken. Eine Mitmach-M\u00f6glichkeit f\u00fcrjung und alt, mit direktem Einfluss auf das Lebenvon einzelnen Menschen in unseren Projektl\u00e4ndern.Praktisch von Zuhause mitmachenUnd so geht&#8217;s: Entscheide dich entweder f\u00fcr das Babypaket, das Hygienepaket oder beide. Orientiere dich an unseren GAiN@home Flyern, auf denen du den genauen Ablauf sowie die [&hellip;]<\/p>\n","protected":false},"author":9,"featured_media":0,"parent":86,"menu_order":30,"comment_status":"closed","ping_status":"closed","template":"","meta":{"_et_pb_use_builder":"on","_et_pb_old_content":"","_et_gb_content_width":"","inline_featured_image":false,"footnotes":""},"class_list":["post-5088","page","type-page","status-publish","hentry"],"_links":{"self":[{"href":"https:\/\/www.gain-switzerland.ch\/de\/wp-json\/wp\/v2\/pages\/5088","targetHints":{"allow":["GET"]}}],"collection":[{"href":"https:\/\/www.gain-switzerland.ch\/de\/wp-json\/wp\/v2\/pages"}],"about":[{"href":"https:\/\/www.gain-switzerland.ch\/de\/wp-json\/wp\/v2\/types\/page"}],"author":[{"embeddable":true,"href":"https:\/\/www.gain-switzerland.ch\/de\/wp-json\/wp\/v2\/users\/9"}],"replies":[{"embeddable":true,"href":"https:\/\/www.gain-switzerland.ch\/de\/wp-json\/wp\/v2\/comments?post=5088"}],"version-history":[{"count":5,"href":"https:\/\/www.gain-switzerland.ch\/de\/wp-json\/wp\/v2\/pages\/5088\/revisions"}],"predecessor-version":[{"id":10197,"href":"https:\/\/www.gain-switzerland.ch\/de\/wp-json\/wp\/v2\/pages\/5088\/revisions\/10197"}],"up":[{"embeddable":true,"href":"https:\/\/www.gain-switzerland.ch\/de\/wp-json\/wp\/v2\/pages\/86"}],"wp:attachment":[{"href":"https:\/\/www.gain-switzerland.ch\/de\/wp-json\/wp\/v2\/media?parent=5088"}],"curies":[{"name":"wp","href":"https:\/\/api.w.org\/{rel}","templated":true}]}}