{"id":7678,"date":"2022-09-05T13:41:43","date_gmt":"2022-09-05T11:41:43","guid":{"rendered":"https:\/\/www.gain-switzerland.ch\/de\/?page_id=7678"},"modified":"2026-02-05T15:17:24","modified_gmt":"2026-02-05T14:17:24","slug":"pop-up-store","status":"publish","type":"page","link":"https:\/\/www.gain-switzerland.ch\/de\/mitmachen\/pop-up-store\/","title":{"rendered":"Pop-Up Store"},"content":{"rendered":"<p>[et_pb_section fb_built=&#8220;1&#8243; fullwidth=&#8220;on&#8220; _builder_version=&#8220;4.16&#8243; global_colors_info=&#8220;{}&#8220;][et_pb_fullwidth_slider _builder_version=&#8220;4.24.2&#8243; background_position=&#8220;top_center&#8220; custom_padding=&#8220;|||&#8220; custom_padding_tablet=&#8220;|||&#8220; custom_padding_phone=&#8220;|||&#8220; box_shadow_style=&#8220;preset6&#8243; box_shadow_blur=&#8220;10px&#8220; box_shadow_color=&#8220;rgba(0,0,0,0.1)&#8220; show_inner_shadow=&#8220;on&#8220; global_colors_info=&#8220;{}&#8220; button_text_size__hover_enabled=&#8220;off&#8220; button_one_text_size__hover_enabled=&#8220;off&#8220; button_two_text_size__hover_enabled=&#8220;off&#8220; button_text_color__hover_enabled=&#8220;off&#8220; button_one_text_color__hover_enabled=&#8220;off&#8220; button_two_text_color__hover_enabled=&#8220;off&#8220; button_border_width__hover_enabled=&#8220;off&#8220; button_one_border_width__hover_enabled=&#8220;off&#8220; button_two_border_width__hover_enabled=&#8220;off&#8220; button_border_color__hover_enabled=&#8220;off&#8220; button_one_border_color__hover_enabled=&#8220;off&#8220; button_two_border_color__hover_enabled=&#8220;off&#8220; button_border_radius__hover_enabled=&#8220;off&#8220; button_one_border_radius__hover_enabled=&#8220;off&#8220; button_two_border_radius__hover_enabled=&#8220;off&#8220; button_letter_spacing__hover_enabled=&#8220;off&#8220; button_one_letter_spacing__hover_enabled=&#8220;off&#8220; button_two_letter_spacing__hover_enabled=&#8220;off&#8220; button_bg_color__hover_enabled=&#8220;off&#8220; button_one_bg_color__hover_enabled=&#8220;off&#8220; button_two_bg_color__hover_enabled=&#8220;off&#8220;][et_pb_slide heading=&#8220;GAiN Pop-Up Store&#8220; use_bg_overlay=&#8220;off&#8220; use_text_overlay=&#8220;off&#8220; heading_last_edited=&#8220;off|desktop&#8220; content_tablet=&#8220;<\/p>\n<h1>\u2014<\/h1>\n<p><span style=%22font-weight: 400;%22>Shoppen und gleichzeitig etwas Gutes tun? <br \/>In unserem Secondhand Pop-Up Store ist <br \/>das m\u00f6glich. Du kaufst nachhaltig ein und <br \/>unterst\u00fctzt somit Menschen in Not, denn <br \/>der Erl\u00f6s aus deinem Einkauf fliesst in die <br \/>GAiN Hilfsprojekte. Ist das nicht grandios?<\/span><\/p>\n<p>&#8220; content_phone=&#8220;<\/p>\n<h1>\u2014<\/h1>\n<p><span style=%22font-weight: 400;%22>Shoppen und gleichzeitig etwas Gutes tun? In unserem Secondhand Pop-Up Store ist das m\u00f6glich. Du kaufst nachhaltig ein und unterst\u00fctzt somit Menschen in Not, denn der Erl\u00f6s aus deinem Einkauf fliesst in die GAiN Hilfsprojekte. Ist das nicht grandios?<\/span><\/p>\n<p>&#8220; content_last_edited=&#8220;on|phone&#8220; _builder_version=&#8220;4.24.2&#8243; header_level=&#8220;h3&#8243; header_font=&#8220;||||&#8220; header_text_align=&#8220;left&#8220; header_font_size=&#8220;45&#8243; body_font=&#8220;||||&#8220; background_color=&#8220;rgba(0,0,0,0.1)&#8220; background_enable_color=&#8220;on&#8220; background_image=&#8220;https:\/\/www.gain-switzerland.ch\/de\/wp-content\/uploads\/sites\/2\/20220828_Pop-Up_Sirnach-24-scaled.jpg&#8220; background_enable_image=&#8220;on&#8220; parallax=&#8220;on&#8220; background_blend=&#8220;hue&#8220; button_icon_placement=&#8220;right&#8220; button_on_hover=&#8220;on&#8220; text_orientation=&#8220;left&#8220; header_font_size_tablet=&#8220;35&#8243; header_font_size_phone=&#8220;30&#8243; header_font_size_last_edited=&#8220;on|phone&#8220; global_colors_info=&#8220;{}&#8220; button_text_size__hover_enabled=&#8220;off&#8220; button_one_text_size__hover_enabled=&#8220;off&#8220; button_two_text_size__hover_enabled=&#8220;off&#8220; button_text_color__hover_enabled=&#8220;off&#8220; button_one_text_color__hover_enabled=&#8220;off&#8220; button_two_text_color__hover_enabled=&#8220;off&#8220; button_border_width__hover_enabled=&#8220;off&#8220; button_one_border_width__hover_enabled=&#8220;off&#8220; button_two_border_width__hover_enabled=&#8220;off&#8220; button_border_color__hover_enabled=&#8220;off&#8220; button_one_border_color__hover_enabled=&#8220;off&#8220; button_two_border_color__hover_enabled=&#8220;off&#8220; button_border_radius__hover_enabled=&#8220;off&#8220; button_one_border_radius__hover_enabled=&#8220;off&#8220; button_two_border_radius__hover_enabled=&#8220;off&#8220; button_letter_spacing__hover_enabled=&#8220;off&#8220; button_one_letter_spacing__hover_enabled=&#8220;off&#8220; button_two_letter_spacing__hover_enabled=&#8220;off&#8220; button_bg_color__hover_enabled=&#8220;off&#8220; button_one_bg_color__hover_enabled=&#8220;off&#8220; button_two_bg_color__hover_enabled=&#8220;off&#8220; sticky_transition=&#8220;on&#8220;]<\/p>\n<h1>\u2014<\/h1>\n<p><span style=\"font-weight: 400;\">Shoppen und gleichzeitig etwas Gutes tun?<br \/>In unserem Secondhand Pop-Up Store ist<br \/>das m\u00f6glich. Du kaufst nachhaltig ein und<br \/>unterst\u00fctzt somit Menschen in Not, denn<br \/>der Erl\u00f6s aus deinem Einkauf fliesst in die<br \/>GAiN Hilfsprojekte. Ist das nicht grandios?<\/span><\/p>\n<p>[\/et_pb_slide][\/et_pb_fullwidth_slider][\/et_pb_section][et_pb_section fb_built=&#8220;1&#8243; admin_label=&#8220;section&#8220; _builder_version=&#8220;4.16&#8243; background_enable_color=&#8220;off&#8220; use_background_color_gradient=&#8220;on&#8220; background_color_gradient_stops=&#8220;rgba(223,157,24,0) 0%|rgba(223,157,24,0.1) 82&#8243; background_color_gradient_start=&#8220;rgba(223,157,24,0)&#8220; background_color_gradient_end=&#8220;rgba(223,157,24,0.1)&#8220; background_color_gradient_end_position=&#8220;82&#8243; global_colors_info=&#8220;{}&#8220;][et_pb_row admin_label=&#8220;row&#8220; _builder_version=&#8220;4.16&#8243; background_size=&#8220;initial&#8220; background_position=&#8220;top_left&#8220; background_repeat=&#8220;repeat&#8220; global_colors_info=&#8220;{}&#8220;][et_pb_column type=&#8220;4_4&#8243; _builder_version=&#8220;4.16&#8243; custom_padding=&#8220;|||&#8220; global_colors_info=&#8220;{}&#8220; custom_padding__hover=&#8220;|||&#8220;][et_pb_text _builder_version=&#8220;4.16&#8243; global_colors_info=&#8220;{}&#8220;]<\/p>\n<h3 style=\"text-align: center;\">Secondhand kaufen &#8211; Leben ver\u00e4ndern<\/h3>\n<h3 style=\"text-align: center;\">\u2014<\/h3>\n<p>[\/et_pb_text][\/et_pb_column][\/et_pb_row][et_pb_row column_structure=&#8220;1_2,1_2&#8243; _builder_version=&#8220;4.16&#8243; background_size=&#8220;initial&#8220; background_position=&#8220;top_left&#8220; background_repeat=&#8220;repeat&#8220; global_colors_info=&#8220;{}&#8220;][et_pb_column type=&#8220;1_2&#8243; _builder_version=&#8220;4.16&#8243; custom_padding=&#8220;|||&#8220; global_colors_info=&#8220;{}&#8220; custom_padding__hover=&#8220;|||&#8220;][et_pb_image src=&#8220;https:\/\/www.gain-switzerland.ch\/de\/wp-content\/uploads\/sites\/2\/220617_GAiN_Second_Hand_Events_A3_Werbeplakat_neutral-scaled.jpg&#8220; title_text=&#8220;220617_GAiN_Second_Hand_Events_A3_Werbeplakat_neutral&#8220; url_new_window=&#8220;on&#8220; align_tablet=&#8220;center&#8220; align_phone=&#8220;&#8220; align_last_edited=&#8220;on|desktop&#8220; _builder_version=&#8220;4.17.4&#8243; max_width=&#8220;90%&#8220; module_alignment=&#8220;center&#8220; animation_direction=&#8220;left&#8220; global_colors_info=&#8220;{}&#8220;][\/et_pb_image][\/et_pb_column][et_pb_column type=&#8220;1_2&#8243; _builder_version=&#8220;4.16&#8243; custom_padding=&#8220;|||&#8220; global_colors_info=&#8220;{}&#8220; custom_padding__hover=&#8220;|||&#8220;][et_pb_blurb _builder_version=&#8220;4.20.4&#8243; global_colors_info=&#8220;{}&#8220;]<\/p>\n<p><span style=\"font-weight: 400;\">Bei GAiN erhalten wir viele geniale Materialspenden. Diese bringen wir in unsere Projektl\u00e4nder, wo sie dringend ben\u00f6tigt werden. Leider k\u00f6nnen wir nicht alle materiellen Spenden \u2013 insbesondere Kleidung \u2013 weiterleiten. Schweizer Fashion ist nicht f\u00fcr jeden Kulturkreis geeignet und nicht immer treffen die Spenden die Bed\u00fcrfnisse im Projekt.\u00a0<\/span><\/p>\n<p><span style=\"font-weight: 400;\">Wir m\u00f6chten die \u00fcberfl\u00fcssigen Kleider nicht wegwerfen und haben deshalb den GAiN Pop-Up Store gestartet. Bei diversen Anl\u00e4ssen und Verpack-Aktionen im Hilfsg\u00fcterlager verkaufen wir gespendete Kleidungsst\u00fccke weiter. Damit finanzieren wir unsere Hilfsprojekte und fehlende Hilfsg\u00fcter.<\/span><\/p>\n<p><span style=\"font-weight: 400;\">Im GAiN Pop-Up Store findest du stylische, gut erhaltene Secondhand Kleidung zu fairen Kilo-Preisen. Unser Sortiment ist sehr vielf\u00e4ltig \u2013 f\u00fcr jeden Geschmack ist etwas dabei. Am Ende deiner Shoppingtour hast du ein neues Lieblingskleidungsst\u00fcck, kennst unsere Einsatzgebiete und unterst\u00fctzt mit deinem Einkauf direkt Menschen in Not. Komm vorbei, kaufe Secondhand und ver\u00e4ndere Leben.<\/span><\/p>\n<p>[\/et_pb_blurb][\/et_pb_column][\/et_pb_row][\/et_pb_section][et_pb_section fb_built=&#8220;1&#8243; admin_label=&#8220;section&#8220; module_id=&#8220;pakete&#8220; _builder_version=&#8220;4.16.0&#8243; use_background_color_gradient=&#8220;on&#8220; background_color_gradient_stops=&#8220;rgba(127,197,212,0) 0%|rgba(223,157,24,0.1) 82%&#8220; background_color_gradient_start=&#8220;rgba(127,197,212,0)&#8220; background_color_gradient_end=&#8220;rgba(223,157,24,0.1)&#8220; background_color_gradient_end_position=&#8220;82%&#8220; custom_padding=&#8220;54px|||||&#8220; global_colors_info=&#8220;{}&#8220;][et_pb_row admin_label=&#8220;row&#8220; module_id=&#8220;pakete&#8220; _builder_version=&#8220;4.16.0&#8243; background_size=&#8220;initial&#8220; background_position=&#8220;top_left&#8220; background_repeat=&#8220;repeat&#8220; global_colors_info=&#8220;{}&#8220;][et_pb_column type=&#8220;4_4&#8243; _builder_version=&#8220;4.16&#8243; custom_padding=&#8220;|||&#8220; global_colors_info=&#8220;{}&#8220; custom_padding__hover=&#8220;|||&#8220;][et_pb_text _builder_version=&#8220;4.17.4&#8243; _module_preset=&#8220;default&#8220; header_4_text_align=&#8220;center&#8220; global_colors_info=&#8220;{}&#8220;]<\/p>\n<h3 style=\"text-align: center;\">Wir bereichern deinen Anlass<\/h3>\n<h3 style=\"text-align: center;\">\u2014<\/h3>\n<p>[\/et_pb_text][\/et_pb_column][\/et_pb_row][et_pb_row column_structure=&#8220;1_2,1_2&#8243; _builder_version=&#8220;4.17.4&#8243; _module_preset=&#8220;default&#8220; global_colors_info=&#8220;{}&#8220;][et_pb_column type=&#8220;1_2&#8243; _builder_version=&#8220;4.17.4&#8243; _module_preset=&#8220;default&#8220; global_colors_info=&#8220;{}&#8220;][et_pb_text _builder_version=&#8220;4.23.4&#8243; _module_preset=&#8220;default&#8220; global_colors_info=&#8220;{}&#8220;]<\/p>\n<p><span style=\"font-weight: 400;\">Egal ob an deinem Firmenanlass, an einem Markt im Dorf, an einem Frauenweekend oder an deinem eigenen Geburtstag. Wir sind gerne Teil von deinem Projekt. W\u00e4hrend du deinen Anlass durchf\u00fchrst, stellen wir unsere stilvollen Secondhandkleider aus und geben deinen Besuchern die M\u00f6glichkeit, die schnittigen Kleider zu ihren neuen Lieblingsst\u00fccken zu machen. Wir garantieren ein exklusives Einkaufserlebnis, das direkt in Verbindung zu unseren Projekten steht. Dein Event soll Spass machen und zum Nachdenken anregen. Die Kleider werden zum Kilopreis verkauft und der gesamte Erl\u00f6s fliesst in unsere GAiN Projekte. Haben wir dein Interesse geweckt? <\/span><\/p>\n<p><span style=\"font-weight: 400;\"><strong>Melde dich bei Ramona B\u00f6bel <\/strong>\u2013 wir freuen uns auf einen gemeinsamen Anlass.<\/span><\/p>\n<p><a href=\"&#109;&#x61;&#105;&#x6c;&#116;&#x6f;:&#x69;n&#x66;o&#64;&#x67;&#97;&#x69;&#110;&#x2d;&#115;&#x77;i&#x74;z&#x65;r&#108;&#x61;&#110;&#x64;&#46;&#x63;&#104;\">&#105;n&#x66;o&#x40;g&#x61;i&#x6e;&#45;&#x73;&#119;&#x69;&#116;&#x7a;&#101;r&#108;a&#x6e;d&#x2e;c&#x68;<\/a><\/p>\n<p>&nbsp;<\/p>\n<p>[\/et_pb_text][\/et_pb_column][et_pb_column type=&#8220;1_2&#8243; _builder_version=&#8220;4.17.4&#8243; _module_preset=&#8220;default&#8220; global_colors_info=&#8220;{}&#8220;][et_pb_image src=&#8220;https:\/\/www.gain-switzerland.ch\/de\/wp-content\/uploads\/sites\/2\/Kleidertauschboerse-10.jpg&#8220; title_text=&#8220;Kleidertauschb\u00f6rse-10&#8243; _builder_version=&#8220;4.17.4&#8243; _module_preset=&#8220;default&#8220; global_colors_info=&#8220;{}&#8220;][\/et_pb_image][\/et_pb_column][\/et_pb_row][\/et_pb_section][et_pb_section fb_built=&#8220;1&#8243; module_id=&#8220;nextevent&#8220; _builder_version=&#8220;4.17.4&#8243; _module_preset=&#8220;default&#8220; global_colors_info=&#8220;{}&#8220;][et_pb_row _builder_version=&#8220;4.17.4&#8243; _module_preset=&#8220;default&#8220; global_colors_info=&#8220;{}&#8220;][et_pb_column type=&#8220;4_4&#8243; _builder_version=&#8220;4.17.4&#8243; _module_preset=&#8220;default&#8220; global_colors_info=&#8220;{}&#8220;][et_pb_text _builder_version=&#8220;4.17.4&#8243; _module_preset=&#8220;default&#8220; custom_padding=&#8220;||8px|||&#8220; global_colors_info=&#8220;{}&#8220;]<\/p>\n<h3 style=\"text-align: center;\">NEXT EVENT<\/h3>\n<h3 style=\"text-align: center;\">\u2014<\/h3>\n<p>[\/et_pb_text][\/et_pb_column][\/et_pb_row][et_pb_row column_structure=&#8220;1_2,1_2&#8243; disabled_on=&#8220;off|off|off&#8220; _builder_version=&#8220;4.23.4&#8243; _module_preset=&#8220;default&#8220; global_colors_info=&#8220;{}&#8220;][et_pb_column type=&#8220;1_2&#8243; _builder_version=&#8220;4.17.4&#8243; _module_preset=&#8220;default&#8220; global_colors_info=&#8220;{}&#8220;][et_pb_text disabled_on=&#8220;off|off|off&#8220; _builder_version=&#8220;4.27.5&#8243; _module_preset=&#8220;default&#8220; global_colors_info=&#8220;{}&#8220;]<\/p>\n<h5 style=\"text-align: center;\"><b>Missionsanlass \u2013 Chrischona Hallau<\/b><\/h5>\n<p>[\/et_pb_text][et_pb_countdown_timer title=&#8220;So. 1. M\u00e4rz 26, 10:00&#8243; date_time=&#8220;2026-03-01 10:00&#8243; _builder_version=&#8220;4.27.5&#8243; _module_preset=&#8220;default&#8220; background_color=&#8220;rgba(0,0,0,0.26)&#8220; background_image=&#8220;https:\/\/www.gain-switzerland.ch\/de\/wp-content\/uploads\/sites\/2\/Secondhand.jpg&#8220; background_blend=&#8220;hue&#8220; link_option_url=&#8220;https:\/\/www.google.com\/maps\/place\/Global+Aid+Network+(GAiN)+Switzerland\/@47.3994745,8.4642599,17z\/data=!3m1!4b1!4m6!3m5!1s0x479011249f4743cb:0xd9fcfce002d73198!8m2!3d47.3994745!4d8.4668348!16s%2Fg%2F11j7dz12py?entry=ttu&#8220; link_option_url_new_window=&#8220;on&#8220; global_colors_info=&#8220;{}&#8220;][\/et_pb_countdown_timer][et_pb_map address=&#8220;Atlingerstrasse 34, 8215 Hallau, Schweiz&#8220; zoom_level=&#8220;14&#8243; address_lat=&#8220;47.6970368&#8243; address_lng=&#8220;8.4667989&#8243; _builder_version=&#8220;4.27.5&#8243; _module_preset=&#8220;default&#8220; min_height=&#8220;50px&#8220; height=&#8220;200px&#8220; link_option_url_new_window=&#8220;on&#8220; hover_enabled=&#8220;0&#8243; global_colors_info=&#8220;{}&#8220; sticky_enabled=&#8220;0&#8243;][et_pb_map_pin title=&#8220;Chrischona Hallau&#8220; pin_address=&#8220;Atlingerstrasse 34, 8215 Hallau, Schweiz&#8220; zoom_level=&#8220;15&#8243; pin_address_lat=&#8220;47.6970463&#8243; pin_address_lng=&#8220;8.4668189&#8243; _builder_version=&#8220;4.27.5&#8243; _module_preset=&#8220;default&#8220; global_colors_info=&#8220;{}&#8220;]<\/p>\n<p><a href=\"https:\/\/www.google.com\/maps\/place\/Chrischona+Hallau\/@47.6970498,8.461948,17z\/data=!3m1!4b1!4m6!3m5!1s0x47907ca2e91b0fa1:0xcfe04aca890115ab!8m2!3d47.6970463!4d8.4668189!16s%2Fg%2F11fmx0jdqc?entry=ttu&amp;g_ep=EgoyMDI2MDIwMS4wIKXMDSoASAFQAw%3D%3D\" target=\"_blank\" rel=\"noopener\">In Google Maps anzeigen<\/a><\/p>\n<p>[\/et_pb_map_pin][\/et_pb_map][\/et_pb_column][et_pb_column type=&#8220;1_2&#8243; _builder_version=&#8220;4.17.4&#8243; _module_preset=&#8220;default&#8220; global_colors_info=&#8220;{}&#8220;][\/et_pb_column][\/et_pb_row][et_pb_row disabled_on=&#8220;on|on|on&#8220; _builder_version=&#8220;4.23.4&#8243; _module_preset=&#8220;default&#8220; disabled=&#8220;on&#8220; global_colors_info=&#8220;{}&#8220;][et_pb_column type=&#8220;4_4&#8243; _builder_version=&#8220;4.17.4&#8243; _module_preset=&#8220;default&#8220; global_colors_info=&#8220;{}&#8220;][et_pb_text disabled_on=&#8220;off|off|off&#8220; _builder_version=&#8220;4.18.0&#8243; _module_preset=&#8220;default&#8220; global_colors_info=&#8220;{}&#8220;]<\/p>\n<p style=\"text-align: center;\">Zur Zeit ist kein Event geplant.<\/p>\n<p>[\/et_pb_text][\/et_pb_column][\/et_pb_row][et_pb_row column_structure=&#8220;1_2,1_2&#8243; disabled_on=&#8220;on|on|on&#8220; _builder_version=&#8220;4.21.0&#8243; _module_preset=&#8220;default&#8220; disabled=&#8220;on&#8220; global_colors_info=&#8220;{}&#8220;][et_pb_column type=&#8220;1_2&#8243; _builder_version=&#8220;4.17.4&#8243; _module_preset=&#8220;default&#8220; global_colors_info=&#8220;{}&#8220;][et_pb_text disabled_on=&#8220;off|off|off&#8220; _builder_version=&#8220;4.21.0&#8243; _module_preset=&#8220;default&#8220; global_colors_info=&#8220;{}&#8220;]<\/p>\n<h5 style=\"text-align: center;\"><strong>My Time &#8211; Frauenabend,<\/strong><br \/><strong>FEG Sirnach<\/strong><\/h5>\n<p>[\/et_pb_text][et_pb_countdown_timer title=&#8220;Fr. 1. September 23, 19:00 &#8211; 22:00&#8243; date_time=&#8220;2023-09-01 19:00&#8243; _builder_version=&#8220;4.20.4&#8243; _module_preset=&#8220;default&#8220; background_color=&#8220;rgba(0,0,0,0.26)&#8220; background_image=&#8220;https:\/\/www.gain-switzerland.ch\/de\/wp-content\/uploads\/sites\/2\/Secondhand.jpg&#8220; background_blend=&#8220;hue&#8220; link_option_url=&#8220;https:\/\/www.google.com\/maps\/place\/Chrischona-Gemeinde\/@47.6283382,8.6485634,17z\/data=!3m1!4b1!4m5!3m4!1s0x479a82f17ca64f99:0x4760f4a8aa382bd!8m2!3d47.6283059!4d8.6508553&#8243; link_option_url_new_window=&#8220;on&#8220; global_colors_info=&#8220;{}&#8220;][\/et_pb_countdown_timer][et_pb_map address=&#8220;Winterthurerstrasse 22, 8370 Sirnach, Schweiz&#8220; address_lat=&#8220;47.464015289085&#8243; address_lng=&#8220;8.9933486199231&#8243; _builder_version=&#8220;4.20.4&#8243; _module_preset=&#8220;default&#8220; min_height=&#8220;50px&#8220; height=&#8220;200px&#8220; global_colors_info=&#8220;{}&#8220;][et_pb_map_pin title=&#8220;FEG Sirnach&#8220; pin_address=&#8220;8370 Sirnach, Schweiz&#8220; zoom_level=&#8220;16&#8243; pin_address_lat=&#8220;47.4638889&#8243; pin_address_lng=&#8220;8.9933333&#8243; _builder_version=&#8220;4.20.4&#8243; _module_preset=&#8220;default&#8220; global_colors_info=&#8220;{}&#8220;]<\/p>\n<p><a href=\"https:\/\/www.google.com\/maps\/@47.4638927,8.9933325,72m\/data=!3m1!1e3\">In Google Maps anzeigen<\/a><\/p>\n<p>[\/et_pb_map_pin][\/et_pb_map][\/et_pb_column][et_pb_column type=&#8220;1_2&#8243; _builder_version=&#8220;4.21.0&#8243; _module_preset=&#8220;default&#8220; global_colors_info=&#8220;{}&#8220;][et_pb_text disabled_on=&#8220;off|off|off&#8220; _builder_version=&#8220;4.21.0&#8243; _module_preset=&#8220;default&#8220; global_colors_info=&#8220;{}&#8220;]<\/p>\n<h5 style=\"text-align: center;\"><strong>Floh- &amp; Tr\u00f6delmarkt,<\/strong><br \/><strong>Schaffhausen<\/strong><\/h5>\n<p>[\/et_pb_text][et_pb_countdown_timer title=&#8220;Sa. 16. September 23, 09:30 &#8211; 17:00&#8243; date_time=&#8220;2023-09-16 09:30&#8243; _builder_version=&#8220;4.20.4&#8243; _module_preset=&#8220;default&#8220; background_color=&#8220;rgba(0,0,0,0.26)&#8220; background_image=&#8220;https:\/\/www.gain-switzerland.ch\/de\/wp-content\/uploads\/sites\/2\/Secondhand.jpg&#8220; background_blend=&#8220;hue&#8220; link_option_url=&#8220;https:\/\/www.google.com\/maps\/place\/Chrischona-Gemeinde\/@47.6283382,8.6485634,17z\/data=!3m1!4b1!4m5!3m4!1s0x479a82f17ca64f99:0x4760f4a8aa382bd!8m2!3d47.6283059!4d8.6508553&#8243; link_option_url_new_window=&#8220;on&#8220; global_colors_info=&#8220;{}&#8220;][\/et_pb_countdown_timer][et_pb_map address=&#8220;Schweizersbildstrasse 41, 8207 Schaffhausen, Schweiz&#8220; address_lat=&#8220;47.7215306&#8243; address_lng=&#8220;8.6438171&#8243; _builder_version=&#8220;4.20.4&#8243; _module_preset=&#8220;default&#8220; width=&#8220;100%&#8220; max_width=&#8220;100%&#8220; module_alignment=&#8220;center&#8220; min_height=&#8220;50px&#8220; height=&#8220;200px&#8220; global_colors_info=&#8220;{}&#8220;][et_pb_map_pin title=&#8220;Life Hall, Schweizersbild&#8220; pin_address=&#8220;Schweizersbildstrasse 41, 8207 Schaffhausen, Schweiz&#8220; zoom_level=&#8220;16&#8243; pin_address_lat=&#8220;47.7215306&#8243; pin_address_lng=&#8220;8.6438171&#8243; _builder_version=&#8220;4.20.4&#8243; _module_preset=&#8220;default&#8220; global_colors_info=&#8220;{}&#8220;]<\/p>\n<p><a href=\"https:\/\/www.google.com\/maps\/place\/Life+Hall\/@47.7215713,8.643809,135m\/data=!3m1!1e3!4m6!3m5!1s0x47907fede64796b5:0xeb09cb1134519c4a!8m2!3d47.7215306!4d8.6438171!16s%2Fg%2F11q8xc2h4v\">In Google Maps anzeigen<\/a><\/p>\n<p>[\/et_pb_map_pin][\/et_pb_map][\/et_pb_column][\/et_pb_row][\/et_pb_section][et_pb_section fb_built=&#8220;1&#8243; disabled_on=&#8220;off|off|off&#8220; _builder_version=&#8220;4.17.4&#8243; _module_preset=&#8220;default&#8220; global_colors_info=&#8220;{}&#8220;][et_pb_row _builder_version=&#8220;4.17.4&#8243; _module_preset=&#8220;default&#8220; global_colors_info=&#8220;{}&#8220;][et_pb_column type=&#8220;4_4&#8243; _builder_version=&#8220;4.17.4&#8243; _module_preset=&#8220;default&#8220; global_colors_info=&#8220;{}&#8220;][et_pb_text _builder_version=&#8220;4.17.4&#8243; _module_preset=&#8220;default&#8220; global_colors_info=&#8220;{}&#8220;]<\/p>\n<h3 style=\"text-align: center;\">Impressionen<br \/>\u2014<\/h3>\n<p>[\/et_pb_text][\/et_pb_column][\/et_pb_row][et_pb_row _builder_version=&#8220;4.17.4&#8243; _module_preset=&#8220;default&#8220; global_colors_info=&#8220;{}&#8220;][et_pb_column type=&#8220;4_4&#8243; _builder_version=&#8220;4.17.4&#8243; _module_preset=&#8220;default&#8220; global_colors_info=&#8220;{}&#8220;][et_pb_gallery gallery_ids=&#8220;9817,9818,9819,7942,7941,7940,7939,7943&#8243; posts_number=&#8220;8&#8243; show_title_and_caption=&#8220;off&#8220; _builder_version=&#8220;4.23.4&#8243; _module_preset=&#8220;default&#8220; global_colors_info=&#8220;{}&#8220;][\/et_pb_gallery][\/et_pb_column][\/et_pb_row][\/et_pb_section]<\/p>\n","protected":false},"excerpt":{"rendered":"<p>\u2014 Shoppen und gleichzeitig etwas Gutes tun?In unserem Secondhand Pop-Up Store istdas m\u00f6glich. Du kaufst nachhaltig ein undunterst\u00fctzt somit Menschen in Not, dennder Erl\u00f6s aus deinem Einkauf fliesst in dieGAiN Hilfsprojekte. Ist das nicht grandios?Secondhand kaufen &#8211; Leben ver\u00e4ndern \u2014Bei GAiN erhalten wir viele geniale Materialspenden. Diese bringen wir in unsere Projektl\u00e4nder, wo sie dringend [&hellip;]<\/p>\n","protected":false},"author":9,"featured_media":0,"parent":86,"menu_order":0,"comment_status":"closed","ping_status":"closed","template":"","meta":{"_et_pb_use_builder":"on","_et_pb_old_content":"","_et_gb_content_width":"","inline_featured_image":false,"footnotes":""},"class_list":["post-7678","page","type-page","status-publish","hentry"],"_links":{"self":[{"href":"https:\/\/www.gain-switzerland.ch\/de\/wp-json\/wp\/v2\/pages\/7678","targetHints":{"allow":["GET"]}}],"collection":[{"href":"https:\/\/www.gain-switzerland.ch\/de\/wp-json\/wp\/v2\/pages"}],"about":[{"href":"https:\/\/www.gain-switzerland.ch\/de\/wp-json\/wp\/v2\/types\/page"}],"author":[{"embeddable":true,"href":"https:\/\/www.gain-switzerland.ch\/de\/wp-json\/wp\/v2\/users\/9"}],"replies":[{"embeddable":true,"href":"https:\/\/www.gain-switzerland.ch\/de\/wp-json\/wp\/v2\/comments?post=7678"}],"version-history":[{"count":5,"href":"https:\/\/www.gain-switzerland.ch\/de\/wp-json\/wp\/v2\/pages\/7678\/revisions"}],"predecessor-version":[{"id":11481,"href":"https:\/\/www.gain-switzerland.ch\/de\/wp-json\/wp\/v2\/pages\/7678\/revisions\/11481"}],"up":[{"embeddable":true,"href":"https:\/\/www.gain-switzerland.ch\/de\/wp-json\/wp\/v2\/pages\/86"}],"wp:attachment":[{"href":"https:\/\/www.gain-switzerland.ch\/de\/wp-json\/wp\/v2\/media?parent=7678"}],"curies":[{"name":"wp","href":"https:\/\/api.w.org\/{rel}","templated":true}]}}