{"id":8311,"date":"2023-01-30T13:48:07","date_gmt":"2023-01-30T12:48:07","guid":{"rendered":"https:\/\/www.gain-switzerland.ch\/de\/?page_id=8311"},"modified":"2024-11-04T14:14:23","modified_gmt":"2024-11-04T13:14:23","slug":"projekt-einsaetze","status":"publish","type":"page","link":"https:\/\/www.gain-switzerland.ch\/de\/mitmachen\/projekt-einsaetze\/","title":{"rendered":"Projekt-Eins\u00e4tze"},"content":{"rendered":"<p>[et_pb_section fb_built=&#8220;1&#8243; fullwidth=&#8220;on&#8220; _builder_version=&#8220;4.16.0&#8243; global_colors_info=&#8220;{}&#8220;][et_pb_fullwidth_slider _builder_version=&#8220;4.20.4&#8243; custom_padding=&#8220;|||&#8220; custom_padding_tablet=&#8220;|||&#8220; custom_padding_phone=&#8220;|||&#8220; box_shadow_style=&#8220;preset6&#8243; box_shadow_blur=&#8220;10px&#8220; box_shadow_color=&#8220;rgba(0,0,0,0.1)&#8220; show_inner_shadow=&#8220;on&#8220; global_colors_info=&#8220;{}&#8220; button_text_size__hover_enabled=&#8220;off&#8220; button_one_text_size__hover_enabled=&#8220;off&#8220; button_two_text_size__hover_enabled=&#8220;off&#8220; button_text_color__hover_enabled=&#8220;off&#8220; button_one_text_color__hover_enabled=&#8220;off&#8220; button_two_text_color__hover_enabled=&#8220;off&#8220; button_border_width__hover_enabled=&#8220;off&#8220; button_one_border_width__hover_enabled=&#8220;off&#8220; button_two_border_width__hover_enabled=&#8220;off&#8220; button_border_color__hover_enabled=&#8220;off&#8220; button_one_border_color__hover_enabled=&#8220;off&#8220; button_two_border_color__hover_enabled=&#8220;off&#8220; button_border_radius__hover_enabled=&#8220;off&#8220; button_one_border_radius__hover_enabled=&#8220;off&#8220; button_two_border_radius__hover_enabled=&#8220;off&#8220; button_letter_spacing__hover_enabled=&#8220;off&#8220; button_one_letter_spacing__hover_enabled=&#8220;off&#8220; button_two_letter_spacing__hover_enabled=&#8220;off&#8220; button_bg_color__hover_enabled=&#8220;off&#8220; button_one_bg_color__hover_enabled=&#8220;off&#8220; button_two_bg_color__hover_enabled=&#8220;off&#8220;][et_pb_slide heading=&#8220;Projekt-Eins\u00e4tze&#8220; use_bg_overlay=&#8220;off&#8220; use_text_overlay=&#8220;off&#8220; content_tablet=&#8220;<\/p>\n<h1>\u2014<\/h1>\n<p><span style=%22font-weight: 400;%22>Erhalte einen Einblick in unsere Projektl\u00e4nder, <br \/>indem du an einem Einsatz vor Ort teilnimmst. <br \/>Du lernst neue Kulturen kennen, legst praktisch <br \/>Hand an und machst einen wirkungsvollen Unter-<br \/>schied f\u00fcr die Menschen in Not. Bist du bereit, mit <br \/>deiner Pers\u00f6nlichkeit und deinen F\u00e4higkeiten das <br \/>Einsatzteam zu unterst\u00fctzen?<\/span><\/p>\n<p>&#8220; content_phone=&#8220;<\/p>\n<h1>\u2014<\/h1>\n<p><span style=%22font-weight: 400;%22>Erhalte einen Einblick in unsere Projektl\u00e4nder, indem du an einem Einsatz vor Ort teilnimmst. Du lernst neue Kulturen kennen, legst praktisch Hand an und machst einen wirkungsvollen Unterschied f\u00fcr die Menschen in Not. Bist du bereit, mit deiner Pers\u00f6nlichkeit und deinen F\u00e4higkeiten das Einsatzteam zu unterst\u00fctzen?<\/span><\/p>\n<p>&#8220; content_last_edited=&#8220;on|tablet&#8220; _builder_version=&#8220;4.20.4&#8243; header_level=&#8220;h3&#8243; header_font=&#8220;||||&#8220; header_text_align=&#8220;left&#8220; header_font_size=&#8220;45&#8243; body_font=&#8220;||||&#8220; background_color=&#8220;#ffffff&#8220; background_image=&#8220;https:\/\/www.gain-switzerland.ch\/de\/wp-content\/uploads\/sites\/2\/moria_auswahl-222-1.jpg&#8220; parallax=&#8220;on&#8220; button_icon_placement=&#8220;right&#8220; button_on_hover=&#8220;on&#8220; text_orientation=&#8220;left&#8220; header_font_size_tablet=&#8220;35&#8243; header_font_size_phone=&#8220;30&#8243; header_font_size_last_edited=&#8220;on|phone&#8220; global_colors_info=&#8220;{}&#8220; button_text_size__hover_enabled=&#8220;off&#8220; button_one_text_size__hover_enabled=&#8220;off&#8220; button_two_text_size__hover_enabled=&#8220;off&#8220; button_text_color__hover_enabled=&#8220;off&#8220; button_one_text_color__hover_enabled=&#8220;off&#8220; button_two_text_color__hover_enabled=&#8220;off&#8220; button_border_width__hover_enabled=&#8220;off&#8220; button_one_border_width__hover_enabled=&#8220;off&#8220; button_two_border_width__hover_enabled=&#8220;off&#8220; button_border_color__hover_enabled=&#8220;off&#8220; button_one_border_color__hover_enabled=&#8220;off&#8220; button_two_border_color__hover_enabled=&#8220;off&#8220; button_border_radius__hover_enabled=&#8220;off&#8220; button_one_border_radius__hover_enabled=&#8220;off&#8220; button_two_border_radius__hover_enabled=&#8220;off&#8220; button_letter_spacing__hover_enabled=&#8220;off&#8220; button_one_letter_spacing__hover_enabled=&#8220;off&#8220; button_two_letter_spacing__hover_enabled=&#8220;off&#8220; button_bg_color__hover_enabled=&#8220;off&#8220; button_one_bg_color__hover_enabled=&#8220;off&#8220; button_two_bg_color__hover_enabled=&#8220;off&#8220; sticky_transition=&#8220;on&#8220;]<\/p>\n<h1>\u2014<\/h1>\n<p><span style=\"font-weight: 400;\">Erhalte einen Einblick in unsere Projektl\u00e4nder,<br \/>indem du an einem Einsatz vor Ort teilnimmst.<br \/><\/span><span style=\"font-weight: 400;\">Du lernst neue Kulturen kennen, legst praktisch<br \/>Hand an und machst einen wirkungsvollen Unter-<br \/>schied f\u00fcr die Menschen in Not. Bist du bereit, mit<br \/>deiner Pers\u00f6nlichkeit und deinen F\u00e4higkeiten das<br \/>Einsatzteam zu unterst\u00fctzen?<\/span><\/p>\n<p>[\/et_pb_slide][\/et_pb_fullwidth_slider][\/et_pb_section][et_pb_section fb_built=&#8220;1&#8243; module_id=&#8220;athen_aia&#8220; _builder_version=&#8220;4.17.4&#8243; _module_preset=&#8220;default&#8220; use_background_color_gradient=&#8220;on&#8220; background_color_gradient_stops=&#8220;rgba(255,255,255,0) 0%|rgba(225,157,24,0.1) 82%&#8220; global_colors_info=&#8220;{}&#8220;][et_pb_row _builder_version=&#8220;4.19.0&#8243; _module_preset=&#8220;default&#8220; global_colors_info=&#8220;{}&#8220;][et_pb_column type=&#8220;4_4&#8243; _builder_version=&#8220;4.19.0&#8243; _module_preset=&#8220;default&#8220; global_colors_info=&#8220;{}&#8220;][et_pb_text _builder_version=&#8220;4.19.0&#8243; _module_preset=&#8220;default&#8220; text_orientation=&#8220;center&#8220; global_colors_info=&#8220;{}&#8220;]<\/p>\n<h3>Gruppen- \/ Langzeiteins\u00e4tze<\/h3>\n<h3>\u2014<\/h3>\n<p>[\/et_pb_text][et_pb_text _builder_version=&#8220;4.22.2&#8243; _module_preset=&#8220;default&#8220; global_colors_info=&#8220;{}&#8220;]<\/p>\n<p><span style=\"font-weight: 400;\"><strong>Ihr wollt als Team, Verein oder Jugendgruppe Menschen in schwierigen Situationen helfen und begegnen?<\/strong>\u00a0<\/span><span style=\"font-weight: 400;\">Zusammen mit euch kreieren wir auf eure Bed\u00fcrfnisse und Interessen abgestimmt, eine unvergessliche Woche. Gemeinsam k\u00f6nnt ihr unsere Projektpartner in ihrer Arbeit unterst\u00fctzen und einen wertvollen Unterschied im Leben der Menschen in Griechenland oder Albanien machen. Gleichzeitig st\u00e4rkt ihr eure Gruppe und erlebt ein grosses Abenteuer.<\/span><\/p>\n<p><span style=\"font-weight: 400;\"><strong><\/strong><\/span><\/p>\n<p><span style=\"font-weight: 400;\"><strong>M\u00f6chtet ihr als Familie eine bedeutende Zeit erleben<\/strong>? Wir bieten euch die M\u00f6glichkeit, in unseren Projekten mitzuhelfen und dabei wertvolle Erfahrungen zu sammeln. <\/span><span style=\"font-weight: 400;\"><br \/><\/span><span style=\"font-weight: 400;\">Gerne stellen wir f\u00fcr euch einen individuellen Familien-Einsatz in Tansania oder Albanien zusammen.<\/span><\/p>\n<p><span style=\"font-weight: 400;\"><\/span><\/p>\n<p><span style=\"font-weight: 400;\">Wir freuen uns \u00fcber deine Anfrage und deine Ideen f\u00fcr euren individuellen Einsatz.<br \/>Schreib uns eine Mail an <\/span><a href=\"&#x6d;&#x61;&#x69;&#108;&#116;&#111;:i&#x6e;&#x66;&#x6f;&#x40;&#103;&#97;in&#x2d;&#x73;&#x77;&#x69;&#116;&#122;er&#x6c;&#x61;&#x6e;&#x64;&#46;&#99;&#104;\"><span style=\"font-weight: 400;\">&#x69;&#x6e;&#102;&#111;&#64;g&#x61;&#x69;&#x6e;&#45;sw&#x69;&#x74;&#x7a;&#101;&#114;l&#x61;&#x6e;&#x64;&#46;&#99;h<\/span><\/a><span style=\"font-weight: 400;\">. <\/span><\/p>\n<p>[\/et_pb_text][\/et_pb_column][\/et_pb_row][\/et_pb_section][et_pb_section fb_built=&#8220;1&#8243; module_id=&#8220;athen_aia&#8220; _builder_version=&#8220;4.27.0&#8243; _module_preset=&#8220;default&#8220; use_background_color_gradient=&#8220;on&#8220; background_color_gradient_stops=&#8220;rgba(255,255,255,0) 0%|rgba(225,157,24,0.1) 82%&#8220; hover_enabled=&#8220;0&#8243; global_colors_info=&#8220;{}&#8220; disabled_on=&#8220;on|on|on&#8220; disabled=&#8220;on&#8220; sticky_enabled=&#8220;0&#8243;][et_pb_row _builder_version=&#8220;4.19.0&#8243; _module_preset=&#8220;default&#8220; global_colors_info=&#8220;{}&#8220;][et_pb_column type=&#8220;4_4&#8243; _builder_version=&#8220;4.19.0&#8243; _module_preset=&#8220;default&#8220; global_colors_info=&#8220;{}&#8220;][et_pb_text _builder_version=&#8220;4.19.0&#8243; _module_preset=&#8220;default&#8220; text_orientation=&#8220;center&#8220; hover_enabled=&#8220;0&#8243; global_colors_info=&#8220;{}&#8220; sticky_enabled=&#8220;0&#8243;]<\/p>\n<h3>Eins\u00e4tze im Jahr 2024<\/h3>\n<h3>\u2014<\/h3>\n<p>[\/et_pb_text][et_pb_text disabled_on=&#8220;off|off|off&#8220; _builder_version=&#8220;4.27.0&#8243; _module_preset=&#8220;default&#8220; hover_enabled=&#8220;0&#8243; global_colors_info=&#8220;{}&#8220; sticky_enabled=&#8220;0&#8243;]<\/p>\n<p>Zur Zeit sind keine Eins\u00e4tze geplant.<\/p>\n<p>[\/et_pb_text][\/et_pb_column][\/et_pb_row][et_pb_row column_structure=&#8220;1_2,1_2&#8243; disabled_on=&#8220;on|on|on&#8220; _builder_version=&#8220;4.27.0&#8243; _module_preset=&#8220;default&#8220; hover_enabled=&#8220;0&#8243; global_colors_info=&#8220;{}&#8220; disabled=&#8220;on&#8220; sticky_enabled=&#8220;0&#8243;][et_pb_column type=&#8220;1_2&#8243; _builder_version=&#8220;4.19.0&#8243; _module_preset=&#8220;default&#8220; global_colors_info=&#8220;{}&#8220;][et_pb_text content_tablet=&#8220;<\/p>\n<p style=%22text-align: center;%22><strong>WEIHNACHTSP\u00c4CKLI-AKTION<br \/><\/strong>Albanien, Nov\/Dez (Datum folgt)<\/p>\n<p>&#8220; content_phone=&#8220;<\/p>\n<p style=%22text-align: center;%22><strong>WEIHNACHTSP\u00c4CKLI-AKTION<br \/><\/strong>Albanien, Ende Nov <br \/>(Datum folgt)<\/p>\n<p>&#8220; content_last_edited=&#8220;off|desktop&#8220; _builder_version=&#8220;4.27.0&#8243; _module_preset=&#8220;default&#8220; text_font_size=&#8220;20px&#8220; background_color=&#8220;rgba(91,91,91,0.18)&#8220; background_image=&#8220;https:\/\/www.gain-switzerland.ch\/de\/wp-content\/uploads\/sites\/2\/211214_ALB_DAY6_JMU-710-scaled.jpg&#8220; background_layout=&#8220;dark&#8220; min_height=&#8220;285px&#8220; min_height_tablet=&#8220;250px&#8220; min_height_phone=&#8220;160px&#8220; min_height_last_edited=&#8220;on|phone&#8220; max_height_tablet=&#8220;&#8220; max_height_phone=&#8220;160px&#8220; max_height_last_edited=&#8220;on|phone&#8220; custom_padding=&#8220;115px|50px|100px|50px|false|false&#8220; custom_padding_tablet=&#8220;115px|50px|100px|50px|false|false&#8220; custom_padding_phone=&#8220;40px|20px|100px|20px|false|false&#8220; custom_padding_last_edited=&#8220;on|phone&#8220; link_option_url=&#8220;https:\/\/www.gain-switzerland.ch\/de\/wp-content\/uploads\/sites\/2\/2024_Projekteinsatz_Albanien.pdf&#8220; link_option_url_new_window=&#8220;on&#8220; hover_enabled=&#8220;0&#8243; box_shadow_style=&#8220;preset1&#8243; global_colors_info=&#8220;{}&#8220; transform_styles__hover_enabled=&#8220;on|hover&#8220; transform_scale__hover_enabled=&#8220;on|hover&#8220; transform_translate__hover_enabled=&#8220;on|desktop&#8220; transform_rotate__hover_enabled=&#8220;on|desktop&#8220; transform_skew__hover_enabled=&#8220;on|desktop&#8220; transform_origin__hover_enabled=&#8220;on|desktop&#8220; transform_scale__hover=&#8220;105%|105%&#8220; content__hover_enabled=&#8220;off|hover&#8220; content__hover=&#8220;<\/p>\n<p style=%22text-align: center;%22><strong>WEIHNACHTSP\u00c4CKLI-AKTION<br \/><\/strong>Albanien, 30.11. &#8211; 07.12.2023<\/p>\n<p>&#8220; sticky_enabled=&#8220;0&#8243;]<\/p>\n<p style=\"text-align: center;\"><strong>PROJEKTEINSATZ<br \/><\/strong>Albanien, 08.12. &#8211; 15.12.2024<\/p>\n<p>[\/et_pb_text][\/et_pb_column][et_pb_column type=&#8220;1_2&#8243; _builder_version=&#8220;4.22.2&#8243; _module_preset=&#8220;default&#8220; global_colors_info=&#8220;{}&#8220;][\/et_pb_column][\/et_pb_row][\/et_pb_section]<\/p>\n","protected":false},"excerpt":{"rendered":"<p>\u2014 Erhalte einen Einblick in unsere Projektl\u00e4nder,indem du an einem Einsatz vor Ort teilnimmst.Du lernst neue Kulturen kennen, legst praktischHand an und machst einen wirkungsvollen Unter-schied f\u00fcr die Menschen in Not. Bist du bereit, mitdeiner Pers\u00f6nlichkeit und deinen F\u00e4higkeiten dasEinsatzteam zu unterst\u00fctzen?Gruppen- \/ Langzeiteins\u00e4tze \u2014Ihr wollt als Team, Verein oder Jugendgruppe Menschen in schwierigen Situationen [&hellip;]<\/p>\n","protected":false},"author":9,"featured_media":0,"parent":86,"menu_order":10,"comment_status":"closed","ping_status":"closed","template":"","meta":{"_et_pb_use_builder":"on","_et_pb_old_content":"","_et_gb_content_width":"","inline_featured_image":false,"footnotes":""},"class_list":["post-8311","page","type-page","status-publish","hentry"],"_links":{"self":[{"href":"https:\/\/www.gain-switzerland.ch\/de\/wp-json\/wp\/v2\/pages\/8311","targetHints":{"allow":["GET"]}}],"collection":[{"href":"https:\/\/www.gain-switzerland.ch\/de\/wp-json\/wp\/v2\/pages"}],"about":[{"href":"https:\/\/www.gain-switzerland.ch\/de\/wp-json\/wp\/v2\/types\/page"}],"author":[{"embeddable":true,"href":"https:\/\/www.gain-switzerland.ch\/de\/wp-json\/wp\/v2\/users\/9"}],"replies":[{"embeddable":true,"href":"https:\/\/www.gain-switzerland.ch\/de\/wp-json\/wp\/v2\/comments?post=8311"}],"version-history":[{"count":5,"href":"https:\/\/www.gain-switzerland.ch\/de\/wp-json\/wp\/v2\/pages\/8311\/revisions"}],"predecessor-version":[{"id":10262,"href":"https:\/\/www.gain-switzerland.ch\/de\/wp-json\/wp\/v2\/pages\/8311\/revisions\/10262"}],"up":[{"embeddable":true,"href":"https:\/\/www.gain-switzerland.ch\/de\/wp-json\/wp\/v2\/pages\/86"}],"wp:attachment":[{"href":"https:\/\/www.gain-switzerland.ch\/de\/wp-json\/wp\/v2\/media?parent=8311"}],"curies":[{"name":"wp","href":"https:\/\/api.w.org\/{rel}","templated":true}]}}