{"id":2362,"date":"2019-11-14T11:22:51","date_gmt":"2019-11-14T10:22:51","guid":{"rendered":"https:\/\/www.gain-switzerland.ch\/fr\/?page_id=2362"},"modified":"2021-11-22T17:20:39","modified_gmt":"2021-11-22T16:20:39","slug":"gain-news","status":"publish","type":"page","link":"https:\/\/www.gain-switzerland.ch\/fr\/a-propos\/gain-news\/","title":{"rendered":"Inscription \u00e0 nos nouvelles"},"content":{"rendered":"<p>[et_pb_section fb_built=\u00a0\u00bb1&Prime; admin_label=\u00a0\u00bbsection\u00a0\u00bb _builder_version=\u00a0\u00bb3.22.3&Prime; global_colors_info=\u00a0\u00bb{}\u00a0\u00bb][et_pb_row admin_label=\u00a0\u00bbZeile\u00a0\u00bb _builder_version=\u00a0\u00bb3.29.3&Prime; background_size=\u00a0\u00bbinitial\u00a0\u00bb background_position=\u00a0\u00bbtop_left\u00a0\u00bb background_repeat=\u00a0\u00bbrepeat\u00a0\u00bb width=\u00a0\u00bb50%\u00a0\u00bb width_tablet=\u00a0\u00bb\u00a0\u00bb width_phone=\u00a0\u00bb\u00a0\u00bb width_last_edited=\u00a0\u00bbon|desktop\u00a0\u00bb max_width=\u00a0\u00bb1200px\u00a0\u00bb module_alignment=\u00a0\u00bbcenter\u00a0\u00bb custom_margin=\u00a0\u00bb|0px||0px|false|false\u00a0\u00bb custom_padding=\u00a0\u00bb|0px||||\u00a0\u00bb global_colors_info=\u00a0\u00bb{}\u00a0\u00bb][et_pb_column type=\u00a0\u00bb4_4&Prime; _builder_version=\u00a0\u00bb3.25&Prime; custom_padding=\u00a0\u00bb|||\u00a0\u00bb global_colors_info=\u00a0\u00bb{}\u00a0\u00bb custom_padding__hover=\u00a0\u00bb|||\u00a0\u00bb][et_pb_blurb title=\u00a0\u00bbInscription aux nouvelles de GAiN\u00a0\u00bb content_max_width=\u00a0\u00bb1100px\u00a0\u00bb _builder_version=\u00a0\u00bb4.11.1&Prime; width=\u00a0\u00bb100%\u00a0\u00bb custom_padding=\u00a0\u00bb|0px||||\u00a0\u00bb global_colors_info=\u00a0\u00bb{}\u00a0\u00bb]<\/p>\n<p>Ici, vous pouvez vous inscrire aux nouvelles de GAiN. Elles sont envoy\u00e9es par e-mail environ 6 fois par ann\u00e9e.<\/p>\n<p>[\/et_pb_blurb][et_pb_contact_form &#x65;&#109;a&#x69;&#108;=\u00a0\u00bb&#x69;&#110;&#x66;&#x6f;&#64;g&#x61;&#105;n&#x2d;&#115;w&#x69;&#x74;&#122;&#x65;&#x72;&#108;a&#x6e;&#100;&#46;&#x63;&#104;\u00a0\u00bb title=\u00a0\u00bbFormulaire de contact\u00a0\u00bb custom_message=\u00a0\u00bbConcerne: %%Concerne%%||et_pb_line_break_holder||Projet: %%Projet%%||et_pb_line_break_holder||Anzahl Einzahlungsscheine: %%Nombre%%||et_pb_line_break_holder||||et_pb_line_break_holder||Kontaktangaben:||et_pb_line_break_holder||%%Entreprise%%||et_pb_line_break_holder||%%Salutation%%||et_pb_line_break_holder||%%Pr\u00e9nom%% %%Nom_de_famille%%||et_pb_line_break_holder||%%Adresse%%||et_pb_line_break_holder||%%NPA%% %%Localit\u00e9%%||et_pb_line_break_holder||%%E-mail%%||et_pb_line_break_holder||%%T\u00e9l\u00e9phone%%||et_pb_line_break_holder||||et_pb_line_break_holder||Kontaktaufnahme per? ||et_pb_line_break_holder||%%Kontaktaufnahme%%||et_pb_line_break_holder||||et_pb_line_break_holder||Was ist genau Ihr Anliegen?||et_pb_line_break_holder||%%Message%%||et_pb_line_break_holder||\u00a0\u00bb success_message=\u00a0\u00bbNous vous remercions pour votre demande et y donnerons suite d\u00e8s que possible.\u00a0\u00bb submit_button_text=\u00a0\u00bbEnvoyer\u00a0\u00bb _builder_version=\u00a0\u00bb4.11.1&Prime; form_field_text_color=\u00a0\u00bb#000000&Prime; title_level=\u00a0\u00bbh4&Prime; title_font=\u00a0\u00bb||||||||\u00a0\u00bb title_text_align=\u00a0\u00bbcenter\u00a0\u00bb title_font_size=\u00a0\u00bb43px\u00a0\u00bb form_field_font=\u00a0\u00bb||||||||\u00a0\u00bb text_orientation=\u00a0\u00bbleft\u00a0\u00bb hover_enabled=\u00a0\u00bb0&Prime; title_font_size_tablet=\u00a0\u00bb\u00a0\u00bb title_font_size_phone=\u00a0\u00bb40px\u00a0\u00bb title_font_size_last_edited=\u00a0\u00bbon|phone\u00a0\u00bb global_colors_info=\u00a0\u00bb{}\u00a0\u00bb sticky_enabled=\u00a0\u00bb0&Prime;][et_pb_contact_field field_id=\u00a0\u00bbConcerne\u00a0\u00bb field_title=\u00a0\u00bbQu&rsquo;aimeriez-vous faire ?\u00a0\u00bb field_type=\u00a0\u00bbselect\u00a0\u00bb select_options=\u00a0\u00bb%91{%22value%22:%22Vous abonner aux nouvelles de GAiN%22,%22checked%22:0,%22dragID%22:-1},{%22value%22:%22Commander des bulletins de versement%22,%22checked%22:0,%22dragID%22:0},{%22value%22:%22Recevoir des informations sur le projet suivant%22,%22checked%22:0,%22dragID%22:1},{%22value%22:%22Vous renseigner sur les missions de courte dur\u00e9e%22,%22checked%22:0,%22dragID%22:2}%93&Prime; required_mark=\u00a0\u00bboff\u00a0\u00bb fullwidth_field=\u00a0\u00bbon\u00a0\u00bb _builder_version=\u00a0\u00bb4.11.1&Prime; form_field_font=\u00a0\u00bb||||||||\u00a0\u00bb form_field_font_size=\u00a0\u00bb14px\u00a0\u00bb hover_enabled=\u00a0\u00bb0&Prime; global_colors_info=\u00a0\u00bb{}\u00a0\u00bb sticky_enabled=\u00a0\u00bb0&Prime;][\/et_pb_contact_field][et_pb_contact_field field_id=\u00a0\u00bbProjet\u00a0\u00bb field_title=\u00a0\u00bbProjet*\u00a0\u00bb field_type=\u00a0\u00bbselect\u00a0\u00bb select_options=\u00a0\u00bb%91{%22value%22:%22Gr\u00e8ce (Lesbos)%22,%22checked%22:0,%22dragID%22:-1},{%22value%22:%22Irak%22,%22checked%22:0,%22dragID%22:0},{%22value%22:%22Cor\u00e9e du Nord%22,%22checked%22:0,%22dragID%22:1},{%22value%22:%22Roumanie%22,%22checked%22:0,%22dragID%22:2},{%22value%22:%22Ukraine%22,%22checked%22:0,%22dragID%22:3},{%22value%22:%22L&rsquo;\u00e9cole de la solidarit\u00e9%22,%22checked%22:0,%22dragID%22:4},{%22value%22:%22Aide en cas de catastrophe%22,%22checked%22:0,%22dragID%22:5},{%22value%22:%22Missions court-terme%22,%22checked%22:0,%22dragID%22:6}%93&Prime; fullwidth_field=\u00a0\u00bbon\u00a0\u00bb conditional_logic=\u00a0\u00bbon\u00a0\u00bb conditional_logic_rules=\u00a0\u00bb%91{%22field%22:%22betreff%22,%22condition%22:%22is%22,%22value%22:%22Recevoir des informations sur le projet suivant%22}%93&Prime; _builder_version=\u00a0\u00bb4.11.1&Prime; form_field_font=\u00a0\u00bb||||||||\u00a0\u00bb form_field_font_size=\u00a0\u00bb14px\u00a0\u00bb hover_enabled=\u00a0\u00bb0&Prime; global_colors_info=\u00a0\u00bb{}\u00a0\u00bb sticky_enabled=\u00a0\u00bb0&Prime;][\/et_pb_contact_field][et_pb_contact_field field_id=\u00a0\u00bbNombre\u00a0\u00bb field_title=\u00a0\u00bbNombre*\u00a0\u00bb allowed_symbols=\u00a0\u00bbnumbers\u00a0\u00bb fullwidth_field=\u00a0\u00bbon\u00a0\u00bb conditional_logic=\u00a0\u00bbon\u00a0\u00bb conditional_logic_rules=\u00a0\u00bb%91{%22field%22:%22betreff%22,%22condition%22:%22is%22,%22value%22:%22Commander des bulletins de versement%22}%93&Prime; _builder_version=\u00a0\u00bb4.11.1&Prime; global_colors_info=\u00a0\u00bb{}\u00a0\u00bb][\/et_pb_contact_field][et_pb_contact_field field_id=\u00a0\u00bbSalutation\u00a0\u00bb field_title=\u00a0\u00bbSalutation*\u00a0\u00bb field_type=\u00a0\u00bbradio\u00a0\u00bb radio_options=\u00a0\u00bb%91{%22value%22:%22Monsieur%22,%22checked%22:0,%22dragID%22:-1},{%22value%22:%22Madame%22,%22checked%22:0,%22dragID%22:0}%93&Prime; _builder_version=\u00a0\u00bb4.11.1&Prime; form_field_font=\u00a0\u00bb||||||||\u00a0\u00bb text_orientation=\u00a0\u00bbleft\u00a0\u00bb max_width=\u00a0\u00bb49%\u00a0\u00bb custom_margin=\u00a0\u00bb30px||\u00a0\u00bb global_colors_info=\u00a0\u00bb{}\u00a0\u00bb][\/et_pb_contact_field][et_pb_contact_field field_id=\u00a0\u00bbEntreprise?\u00a0\u00bb field_title=\u00a0\u00bbEntreprise ?\u00a0\u00bb field_type=\u00a0\u00bbcheckbox\u00a0\u00bb checkbox_options=\u00a0\u00bb%91{%22value%22:%22Entreprise%22,%22checked%22:0,%22dragID%22:-1}%93&Prime; required_mark=\u00a0\u00bboff\u00a0\u00bb _builder_version=\u00a0\u00bb4.11.1&Prime; form_field_font=\u00a0\u00bb||||||||\u00a0\u00bb text_orientation=\u00a0\u00bbleft\u00a0\u00bb max_width=\u00a0\u00bb49%\u00a0\u00bb custom_margin=\u00a0\u00bb30px||\u00a0\u00bb global_colors_info=\u00a0\u00bb{}\u00a0\u00bb][\/et_pb_contact_field][et_pb_contact_field field_id=\u00a0\u00bbEntreprise\u00a0\u00bb field_title=\u00a0\u00bbEntreprise*\u00a0\u00bb fullwidth_field=\u00a0\u00bbon\u00a0\u00bb conditional_logic=\u00a0\u00bbon\u00a0\u00bb conditional_logic_rules=\u00a0\u00bb%91{%22field%22:%22firma?%22,%22condition%22:%22is%22,%22value%22:%22Me renseigner sur les contributions d&rsquo;entreprises%22}%93&Prime; _builder_version=\u00a0\u00bb4.11.1&Prime; global_colors_info=\u00a0\u00bb{}\u00a0\u00bb][\/et_pb_contact_field][et_pb_contact_field field_id=\u00a0\u00bbPr\u00e9nom\u00a0\u00bb field_title=\u00a0\u00bbPr\u00e9nom*\u00a0\u00bb _builder_version=\u00a0\u00bb4.11.1&Prime; max_width=\u00a0\u00bb50%\u00a0\u00bb global_colors_info=\u00a0\u00bb{}\u00a0\u00bb][\/et_pb_contact_field][et_pb_contact_field field_id=\u00a0\u00bbNom_de_famille\u00a0\u00bb field_title=\u00a0\u00bbNom de famille*\u00a0\u00bb _builder_version=\u00a0\u00bb4.11.1&Prime; max_width=\u00a0\u00bb50%\u00a0\u00bb global_colors_info=\u00a0\u00bb{}\u00a0\u00bb][\/et_pb_contact_field][et_pb_contact_field field_id=\u00a0\u00bbAdresse\u00a0\u00bb field_title=\u00a0\u00bbRue et num\u00e9ro*\u00a0\u00bb fullwidth_field=\u00a0\u00bbon\u00a0\u00bb _builder_version=\u00a0\u00bb4.11.1&Prime; global_colors_info=\u00a0\u00bb{}\u00a0\u00bb][\/et_pb_contact_field][et_pb_contact_field field_id=\u00a0\u00bbNPA\u00a0\u00bb field_title=\u00a0\u00bbNPA*\u00a0\u00bb allowed_symbols=\u00a0\u00bbnumbers\u00a0\u00bb _builder_version=\u00a0\u00bb4.11.1&Prime; max_width=\u00a0\u00bb50%\u00a0\u00bb global_colors_info=\u00a0\u00bb{}\u00a0\u00bb][\/et_pb_contact_field][et_pb_contact_field field_id=\u00a0\u00bbLocalit\u00e9\u00a0\u00bb field_title=\u00a0\u00bbLocalit\u00e9*\u00a0\u00bb _builder_version=\u00a0\u00bb4.11.1&Prime; max_width=\u00a0\u00bb50%\u00a0\u00bb global_colors_info=\u00a0\u00bb{}\u00a0\u00bb][\/et_pb_contact_field][et_pb_contact_field field_id=\u00a0\u00bbE-mail\u00a0\u00bb field_title=\u00a0\u00bbE-mail*\u00a0\u00bb field_type=\u00a0\u00bbemail\u00a0\u00bb fullwidth_field=\u00a0\u00bbon\u00a0\u00bb _builder_version=\u00a0\u00bb4.11.1&Prime; global_colors_info=\u00a0\u00bb{}\u00a0\u00bb][\/et_pb_contact_field][et_pb_contact_field field_id=\u00a0\u00bbT\u00e9l\u00e9phone\u00a0\u00bb field_title=\u00a0\u00bbT\u00e9l\u00e9phone\u00a0\u00bb allowed_symbols=\u00a0\u00bbnumbers\u00a0\u00bb required_mark=\u00a0\u00bboff\u00a0\u00bb fullwidth_field=\u00a0\u00bbon\u00a0\u00bb _builder_version=\u00a0\u00bb4.11.1&Prime; form_field_font=\u00a0\u00bb||||||||\u00a0\u00bb custom_margin=\u00a0\u00bb||\u00a0\u00bb global_colors_info=\u00a0\u00bb{}\u00a0\u00bb][\/et_pb_contact_field][et_pb_contact_field field_id=\u00a0\u00bbKontaktaufnahme\u00a0\u00bb field_title=\u00a0\u00bbKontaktaufnahme?\u00a0\u00bb field_type=\u00a0\u00bbradio\u00a0\u00bb radio_options=\u00a0\u00bb%91{%22value%22:%22per E-Mail%22,%22checked%22:0,%22dragID%22:-1},{%22value%22:%22per Telefon%22,%22checked%22:0,%22dragID%22:0}%93&Prime; required_mark=\u00a0\u00bboff\u00a0\u00bb fullwidth_field=\u00a0\u00bbon\u00a0\u00bb conditional_logic=\u00a0\u00bbon\u00a0\u00bb conditional_logic_rules=\u00a0\u00bb%91{%22field%22:%22e-mail%22,%22condition%22:%22is not empty%22,%22value%22:%22%22},{%22field%22:%22telefon%22,%22condition%22:%22is not empty%22,%22value%22:%22%22}%93&Prime; _builder_version=\u00a0\u00bb3.19.5&Prime; global_colors_info=\u00a0\u00bb{}\u00a0\u00bb][\/et_pb_contact_field][et_pb_contact_field field_id=\u00a0\u00bbMessage\u00a0\u00bb field_title=\u00a0\u00bbVeuillez \u00e9crire votre message ici*\u00a0\u00bb field_type=\u00a0\u00bbtext\u00a0\u00bb fullwidth_field=\u00a0\u00bbon\u00a0\u00bb _builder_version=\u00a0\u00bb4.11.1&Prime; custom_margin=\u00a0\u00bb50px||\u00a0\u00bb global_colors_info=\u00a0\u00bb{}\u00a0\u00bb][\/et_pb_contact_field][\/et_pb_contact_form][\/et_pb_column][\/et_pb_row][\/et_pb_section]<\/p>\n","protected":false},"excerpt":{"rendered":"<p>Ici, vous pouvez vous inscrire aux nouvelles de GAiN. Elles sont envoy\u00e9es par e-mail environ 6 fois par ann\u00e9e.<\/p>\n","protected":false},"author":5,"featured_media":0,"parent":92,"menu_order":30,"comment_status":"closed","ping_status":"closed","template":"","meta":{"_et_pb_use_builder":"on","_et_pb_old_content":"","_et_gb_content_width":"","inline_featured_image":false,"footnotes":""},"class_list":["post-2362","page","type-page","status-publish","hentry"],"_links":{"self":[{"href":"https:\/\/www.gain-switzerland.ch\/fr\/wp-json\/wp\/v2\/pages\/2362","targetHints":{"allow":["GET"]}}],"collection":[{"href":"https:\/\/www.gain-switzerland.ch\/fr\/wp-json\/wp\/v2\/pages"}],"about":[{"href":"https:\/\/www.gain-switzerland.ch\/fr\/wp-json\/wp\/v2\/types\/page"}],"author":[{"embeddable":true,"href":"https:\/\/www.gain-switzerland.ch\/fr\/wp-json\/wp\/v2\/users\/5"}],"replies":[{"embeddable":true,"href":"https:\/\/www.gain-switzerland.ch\/fr\/wp-json\/wp\/v2\/comments?post=2362"}],"version-history":[{"count":4,"href":"https:\/\/www.gain-switzerland.ch\/fr\/wp-json\/wp\/v2\/pages\/2362\/revisions"}],"predecessor-version":[{"id":6083,"href":"https:\/\/www.gain-switzerland.ch\/fr\/wp-json\/wp\/v2\/pages\/2362\/revisions\/6083"}],"up":[{"embeddable":true,"href":"https:\/\/www.gain-switzerland.ch\/fr\/wp-json\/wp\/v2\/pages\/92"}],"wp:attachment":[{"href":"https:\/\/www.gain-switzerland.ch\/fr\/wp-json\/wp\/v2\/media?parent=2362"}],"curies":[{"name":"wp","href":"https:\/\/api.w.org\/{rel}","templated":true}]}}